{"id":12270,"date":"2020-08-28T14:12:36","date_gmt":"2020-08-28T12:12:36","guid":{"rendered":"https:\/\/www.ataraina.eu\/flying-magic-cleaner\/"},"modified":"2020-11-03T19:13:29","modified_gmt":"2020-11-03T18:13:29","slug":"flying-magic-cleaner","status":"publish","type":"page","link":"https:\/\/www.ataraina.eu\/fr\/flying-magic-cleaner\/","title":{"rendered":"Flying Magic Cleaner"},"content":{"rendered":"<p>[vc_row][vc_column]\n\t\t\t<!-- START Fying Magic Cleaner REVOLUTION SLIDER 6.1.3 --><p class=\"rs-p-wp-fix\"><\/p>\n\t\t\t<rs-module-wrap id=\"rev_slider_16_1_wrapper\" data-source=\"gallery\" style=\"background:transparent;padding:0;\">\n\t\t\t\t<rs-module id=\"rev_slider_16_1\" style=\"display:none;\" data-version=\"6.1.3\">\n\t\t\t\t\t<rs-slides>\n\t\t\t\t\t\t<rs-slide data-key=\"rs-34\" data-title=\"Slide\" data-duration=\"6000\" data-anim=\"ei:d;eo:d;s:d;r:0;t:fade;sl:d;\">\n\t\t\t\t\t\t\t<img src=\"\/\/www.ataraina.eu\/wp-content\/uploads\/2020\/08\/71cbf81883a35f86cd305b3a2dba28ee_m.jpg\" title=\"71cbf81883a35f86cd305b3a2dba28ee_m\" width=\"1920\" height=\"1409\" data-parallax=\"7\" class=\"rev-slidebg\" data-no-retina>\n<!--\n\t\t\t\t\t\t\t--><rs-layer\n\t\t\t\t\t\t\t\tid=\"slider-16-slide-34-layer-2\" \n\t\t\t\t\t\t\t\tdata-type=\"text\"\n\t\t\t\t\t\t\t\tdata-color=\"#000000\"\n\t\t\t\t\t\t\t\tdata-rsp_ch=\"on\"\n\t\t\t\t\t\t\t\tdata-xy=\"xo:-716px,-440px,-427px,-480px;yo:195px,120px,116px,77px;\"\n\t\t\t\t\t\t\t\tdata-text=\"w:normal;s:111,68,66,67;l:62,38,36,35;a:center;\"\n\t\t\t\t\t\t\t\tdata-dim=\"w:2045,1258,1223,1263;h:1163,715,695,345;\"\n\t\t\t\t\t\t\t\tdata-frame_0=\"x:-50,-30,-29,-29px;y:0,0,0,0px;\"\n\t\t\t\t\t\t\t\tdata-frame_1=\"x:0,0,0,0px;y:0,0,0,0px;st:600;sp:1000;sR:600;\"\n\t\t\t\t\t\t\t\tdata-frame_999=\"o:0;st:w;sR:4400;\"\n\t\t\t\t\t\t\t\tstyle=\"z-index:10;font-family:Lato;\"\n\t\t\t\t\t\t\t>FLYING<br \/>\n<br \/>\nMAGIC<br \/>\n <br \/>\nCLEANER \n\t\t\t\t\t\t\t<\/rs-layer><!--\n\n\t\t\t\t\t\t\t--><rs-layer\n\t\t\t\t\t\t\t\tid=\"slider-16-slide-34-layer-12\" \n\t\t\t\t\t\t\t\tdata-type=\"image\"\n\t\t\t\t\t\t\t\tdata-rsp_ch=\"on\"\n\t\t\t\t\t\t\t\tdata-xy=\"x:c,c,r,c;xo:281px,323px,30px,-4px;y:m,m,t,t;yo:29px,200px,370px,301px;\"\n\t\t\t\t\t\t\t\tdata-text=\"l:22;a:inherit;\"\n\t\t\t\t\t\t\t\tdata-dim=\"w:600px,415px,455px,403px;h:550px,825px,904px,369px;\"\n\t\t\t\t\t\t\t\tdata-basealign=\"slide\"\n\t\t\t\t\t\t\t\tdata-frame_0=\"x:50;\"\n\t\t\t\t\t\t\t\tdata-frame_1=\"st:610;sp:1000;sR:610;\"\n\t\t\t\t\t\t\t\tdata-frame_999=\"y:-50px;o:0;tp:600;e:nothing;st:w;sR:4390;\"\n\t\t\t\t\t\t\t\tstyle=\"z-index:8;font-family:Roboto;\"\n\t\t\t\t\t\t\t><img src=\"\/\/www.ataraina.eu\/wp-content\/uploads\/2020\/08\/Sin-t\u00edtulo-2.png\" width=\"2232\" height=\"2046\" data-no-retina> \n\t\t\t\t\t\t\t<\/rs-layer><!--\n-->\t\t\t\t\t\t<\/rs-slide>\n\t\t\t\t\t<\/rs-slides>\n\t\t\t\t\t<rs-progress class=\"rs-bottom\" style=\"visibility: hidden !important;\"><\/rs-progress>\n\t\t\t\t<\/rs-module>\n\t\t\t\t<script type=\"text\/javascript\">\n\t\t\t\t\tsetREVStartSize({c: 'rev_slider_16_1',rl:[1240,1024,778,480],el:[700,600,900,720],gw:[1300,800,778,300],gh:[700,600,900,720],layout:'fullscreen',offsetContainer:'',offset:'',mh:\"0\"});\n\t\t\t\t\tvar\trevapi16,\n\t\t\t\t\t\ttpj;\n\t\t\t\t\tjQuery(function() {\n\t\t\t\t\t\ttpj = jQuery;\n\t\t\t\t\t\tif(tpj(\"#rev_slider_16_1\").revolution == undefined){\n\t\t\t\t\t\t\trevslider_showDoubleJqueryError(\"#rev_slider_16_1\");\n\t\t\t\t\t\t}else{\n\t\t\t\t\t\t\trevapi16 = tpj(\"#rev_slider_16_1\").show().revolution({\n\t\t\t\t\t\t\t\tjsFileLocation:\"\/\/www.ataraina.eu\/wp-content\/plugins\/revslider\/public\/assets\/js\/\",\n\t\t\t\t\t\t\t\tsliderLayout:\"fullscreen\",\n\t\t\t\t\t\t\t\tduration:4000,\n\t\t\t\t\t\t\t\tvisibilityLevels:\"1240,1024,778,480\",\n\t\t\t\t\t\t\t\tgridwidth:\"1300,800,778,300\",\n\t\t\t\t\t\t\t\tgridheight:\"700,600,900,720\",\n\t\t\t\t\t\t\t\tminHeight:\"\",\n\t\t\t\t\t\t\t\teditorheight:\"700,600,900,720\",\n\t\t\t\t\t\t\t\tresponsiveLevels:\"1240,1024,778,480\",\n\t\t\t\t\t\t\t\tdisableProgressBar:\"on\",\n\t\t\t\t\t\t\t\tnavigation: {\n\t\t\t\t\t\t\t\t\tonHoverStop:false\n\t\t\t\t\t\t\t\t},\n\t\t\t\t\t\t\t\tparallax: {\n\t\t\t\t\t\t\t\t\tlevels:[5,10,15,20,25,30,35,40,45,46,47,48,49,50,51,55],\n\t\t\t\t\t\t\t\t\ttype:\"scroll\"\n\t\t\t\t\t\t\t\t},\n\t\t\t\t\t\t\t\tfallbacks: {\n\t\t\t\t\t\t\t\t\tallowHTML5AutoPlayOnAndroid:true\n\t\t\t\t\t\t\t\t},\n\t\t\t\t\t\t\t});\n\t\t\t\t\t\t}\n\t\t\t\t\t\t\n\t\t\t\t\t});\n\t\t\t\t<\/script>\n\t\t\t<\/rs-module-wrap>\n\t\t\t<!-- END REVOLUTION SLIDER -->\n[\/vc_column][\/vc_row][vc_row content_width=\u00a0\u00bbgrid\u00a0\u00bb content_aligment=\u00a0\u00bbcenter\u00a0\u00bb css=\u00a0\u00bb.vc_custom_1598725860994{margin-top: 80px !important;margin-bottom: 80px !important;padding-top: 80px !important;padding-bottom: 80px !important;background-color: #f7f7f7 !important;}\u00a0\u00bb][vc_column][vc_column_text]<\/p>\n<h3 style=\"text-align: center;\">LE PREMIER PURIFICATEUR D&rsquo;AIR VOLANT AU MONDE<\/h3>\n<p style=\"text-align: center;\">Un drone d&rsquo;\u00e9puration d&rsquo;air l\u00e9ger qui collecte la poussi\u00e8re et le pollen tout en volant en toute s\u00e9curit\u00e9 \u00e0 l&rsquo;int\u00e9rieur de votre maison.<\/p>\n<p>[\/vc_column_text][\/vc_column][\/vc_row][vc_row][vc_column]<div class=\"mkd-section-title-holder\">\n\t<h2 class=\"mkd-section-title mkd-section-title-medium\" style=\"text-align: center\">\n\tPOURQUOI AVEZ-VOUS BESOIN D&#039;UN PURIFICATEUR D&#039;AIR VOLANT?\t<\/h2>\n<\/div>[vc_single_image image=\u00a0\u00bb12272&Prime; img_size=\u00a0\u00bbfull\u00a0\u00bb alignment=\u00a0\u00bbcenter\u00a0\u00bb][vc_single_image image=\u00a0\u00bb12273&Prime; img_size=\u00a0\u00bbfull\u00a0\u00bb alignment=\u00a0\u00bbcenter\u00a0\u00bb][\/vc_column][\/vc_row][vc_row css=\u00a0\u00bb.vc_custom_1598731426660{margin-top: 30px !important;margin-bottom: 30px !important;background-color: #f7f7f7 !important;background-position: center !important;background-repeat: no-repeat !important;background-size: cover !important;}\u00a0\u00bb][vc_column]<div class=\"mkd-elements-holder mkd-two-columns mkd-responsive-mode-768\" ><div class=\"mkd-elements-holder-item mkd-horizontal-alignment-left\"  >\n\t<div class=\"mkd-elements-holder-item-inner\">\n\t\t<div class=\"mkd-elements-holder-item-content mkd-elements-holder-custom-200817\" style=\"padding: 11.5% 13% 14% 31.5%\">\n\t\t\t\t\t\t\t<style type=\"text\/css\" data-type=\"mkd-elements-custom-padding\" scoped>\n                                        @media only screen and (min-width: 1280px) and (max-width: 1440px) {\n                        .mkd-elements-holder .mkd-elements-holder-item-content.mkd-elements-holder-custom-200817 {\n                            padding: 11.2% 16% 16% 11% !important;\n                        }\n                    }\n\n                                        \t\t\t\t\t@media only screen and (min-width: 1024px) and (max-width: 1280px) {\n\t\t\t\t\t\t.mkd-elements-holder .mkd-elements-holder-item-content.mkd-elements-holder-custom-200817 {\n\t\t\t\t\t\t\tpadding: 12.2% 12% 17.5% 13% !important;\n\t\t\t\t\t\t}\n\t\t\t\t\t}\n\n\t\t\t\t\t\t\t\t\t\t\t\t\t\t\t@media only screen and (min-width: 768px) and (max-width: 1024px) {\n\t\t\t\t\t\t.mkd-elements-holder .mkd-elements-holder-item-content.mkd-elements-holder-custom-200817 {\n\t\t\t\t\t\t\tpadding: 11.2% 10% 13.7% 15% !important;\n\t\t\t\t\t\t}\n\t\t\t\t\t}\n\n\t\t\t\t\t\t\t\t\t\t\t\t\t\t\t@media only screen and (min-width: 600px) and (max-width: 768px) {\n\t\t\t\t\t\t.mkd-elements-holder .mkd-elements-holder-item-content.mkd-elements-holder-custom-200817 {\n\t\t\t\t\t\t\tpadding: 11.2% 21% 13.7% 11% !important;\n\t\t\t\t\t\t}\n\t\t\t\t\t}\n\n\t\t\t\t\t\t\t\t\t\t\t\t\t\t\t@media only screen and (min-width: 480px) and (max-width: 600px) {\n\t\t\t\t\t\t.mkd-elements-holder .mkd-elements-holder-item-content.mkd-elements-holder-custom-200817 {\n\t\t\t\t\t\t\tpadding: 11.2% 13% 13.7% 7% !important;\n\t\t\t\t\t\t}\n\t\t\t\t\t}\n\n\t\t\t\t\t\t\t\t\t\t\t\t\t\t\t@media only screen and (max-width: 480px) {\n\t\t\t\t\t\t.mkd-elements-holder .mkd-elements-holder-item-content.mkd-elements-holder-custom-200817 {\n\t\t\t\t\t\t\tpadding: 11.2% 13% 13.7% 7% !important;\n\t\t\t\t\t\t}\n\t\t\t\t\t}\n\n\t\t\t\t\t\t\t\t\t<\/style>\n\t\t\t\t\t\t[vc_column_text]La poussi\u00e8re, le pollen et les particules PM2,5 en suspension dans l&rsquo;air sont difficiles \u00e0 \u00e9liminer avec des aspirateurs traditionnels. Cependant, le Flying Magic Cleaner peut capturer la poussi\u00e8re, le pollen et les particules PM2,5 tout en volant en toute s\u00e9curit\u00e9 dans la pi\u00e8ce.<\/p>\n<p>Flying Magic Cleaner d\u00e9colle automatiquement, en utilisant une cam\u00e9ra st\u00e9r\u00e9o et un capteur de distance, \u00e9vitant ainsi tout obstacle dans la pi\u00e8ce.[\/vc_column_text]\t\t<\/div>\n\t<\/div>\n<\/div><div class=\"mkd-elements-holder-item mkd-horizontal-alignment-center\"  style=\"background-image: url(https:\/\/www.ataraina.eu\/wp-content\/uploads\/2020\/08\/Sin-t\u00edtulo-1cc.jpg)\">\n\t<div class=\"mkd-elements-holder-item-inner\">\n\t\t<div class=\"mkd-elements-holder-item-content mkd-elements-holder-custom-177495\" style=\"padding: 0 0 0 0\">\n\t\t\t\t\t\t\t<style type=\"text\/css\" data-type=\"mkd-elements-custom-padding\" scoped>\n                                        @media only screen and (min-width: 1280px) and (max-width: 1440px) {\n                        .mkd-elements-holder .mkd-elements-holder-item-content.mkd-elements-holder-custom-177495 {\n                            padding: 0 0 0 0 !important;\n                        }\n                    }\n\n                                        \t\t\t\t\t@media only screen and (min-width: 1024px) and (max-width: 1280px) {\n\t\t\t\t\t\t.mkd-elements-holder .mkd-elements-holder-item-content.mkd-elements-holder-custom-177495 {\n\t\t\t\t\t\t\tpadding: 0 0 0 0 !important;\n\t\t\t\t\t\t}\n\t\t\t\t\t}\n\n\t\t\t\t\t\t\t\t\t\t\t\t\t\t\t@media only screen and (min-width: 768px) and (max-width: 1024px) {\n\t\t\t\t\t\t.mkd-elements-holder .mkd-elements-holder-item-content.mkd-elements-holder-custom-177495 {\n\t\t\t\t\t\t\tpadding: 0 0 0 0 !important;\n\t\t\t\t\t\t}\n\t\t\t\t\t}\n\n\t\t\t\t\t\t\t\t\t\t\t\t\t\t\t@media only screen and (min-width: 600px) and (max-width: 768px) {\n\t\t\t\t\t\t.mkd-elements-holder .mkd-elements-holder-item-content.mkd-elements-holder-custom-177495 {\n\t\t\t\t\t\t\tpadding: 26% 0 26% 0 !important;\n\t\t\t\t\t\t}\n\t\t\t\t\t}\n\n\t\t\t\t\t\t\t\t\t\t\t\t\t\t\t@media only screen and (min-width: 480px) and (max-width: 600px) {\n\t\t\t\t\t\t.mkd-elements-holder .mkd-elements-holder-item-content.mkd-elements-holder-custom-177495 {\n\t\t\t\t\t\t\tpadding: 22% 0 22% 0 !important;\n\t\t\t\t\t\t}\n\t\t\t\t\t}\n\n\t\t\t\t\t\t\t\t\t\t\t\t\t\t\t@media only screen and (max-width: 480px) {\n\t\t\t\t\t\t.mkd-elements-holder .mkd-elements-holder-item-content.mkd-elements-holder-custom-177495 {\n\t\t\t\t\t\t\tpadding: 22% 0 22% 0 !important;\n\t\t\t\t\t\t}\n\t\t\t\t\t}\n\n\t\t\t\t\t\t\t\t\t<\/style>\n\t\t\t\t\t\t\n<div class=\"mkd-video-button mkd-light\">\n\t<a class=\"mkd-video-button-play\" href=\"https:\/\/www.youtube.com\/watch?v=Ox5YqPHYTtI\" data-rel=\"prettyPhoto\" >\n\t\t<span class=\"mkd-video-button-wrapper\">\n\t\t\t<i class=\"fa fa-play\" aria-hidden=\"true\"><\/i>\n\t\t<\/span>\n\t<\/a>\n\t<\/div>\t\t<\/div>\n\t<\/div>\n<\/div><\/div>[\/vc_column][\/vc_row][vc_row css=\u00a0\u00bb.vc_custom_1598892450546{margin-bottom: 60px !important;}\u00a0\u00bb][vc_column][vc_single_image image=\u00a0\u00bb12274&Prime; img_size=\u00a0\u00bbfull\u00a0\u00bb alignment=\u00a0\u00bbcenter\u00a0\u00bb css=\u00a0\u00bb.vc_custom_1598730777298{margin-top: 30px !important;margin-bottom: 30px !important;}\u00a0\u00bb][vc_single_image image=\u00a0\u00bb12275&Prime; img_size=\u00a0\u00bbfull\u00a0\u00bb alignment=\u00a0\u00bbcenter\u00a0\u00bb][\/vc_column][\/vc_row][vc_row content_aligment=\u00a0\u00bbcenter\u00a0\u00bb css=\u00a0\u00bb.vc_custom_1599218006072{margin-top: 80px !important;margin-bottom: 80px !important;}\u00a0\u00bb][vc_column][vc_column_text css=\u00a0\u00bb.vc_custom_1599217888848{margin-bottom: 20px !important;}\u00a0\u00bb]<\/p>\n<p style=\"text-align: center;\">Download PDF<\/p>\n<p>[\/vc_column_text]<a href=\"https:\/\/drive.google.com\/file\/d\/1bvRHO3ltfmzAkEcKuGNhIN58y5yYoNVj\/view?usp=sharing\" target=\"_self\"  class=\"mkd-btn mkd-btn-medium mkd-btn-solid mkd-btn-hover-outline\"  >\n\t<span class=\"mkd-btn-text\">View PDF<\/span>\n\t\t\n\t\t\t<span class=\"mkd-btn-helper\" ><\/span>\n\t<\/a>[\/vc_column][\/vc_row]<\/p>\n","protected":false},"excerpt":{"rendered":"<p>[vc_row][vc_column][\/vc_column][\/vc_row][vc_row content_width=\u00a0\u00bbgrid\u00a0\u00bb content_aligment=\u00a0\u00bbcenter\u00a0\u00bb css=\u00a0\u00bb.vc_custom_1598725860994{margin-top: 80px !important;margin-bottom: 80px !important;padding-top: 80px !important;padding-bottom: 80px !important;background-color: #f7f7f7 !important;}\u00a0\u00bb][vc_column][vc_column_text] LE PREMIER PURIFICATEUR D&rsquo;AIR VOLANT AU MONDE Un drone d&rsquo;\u00e9puration d&rsquo;air l\u00e9ger qui collecte la poussi\u00e8re et le pollen tout en volant en toute s\u00e9curit\u00e9 \u00e0 l&rsquo;int\u00e9rieur de votre maison. [\/vc_column_text][\/vc_column][\/vc_row][vc_row][vc_column][vc_single_image&#8230;<\/p>\n","protected":false},"author":1,"featured_media":0,"parent":0,"menu_order":0,"comment_status":"closed","ping_status":"closed","template":"full-width.php","meta":[],"yoast_head":"<!-- This site is optimized with the Yoast SEO plugin v19.4 - https:\/\/yoast.com\/wordpress\/plugins\/seo\/ -->\n<title>Flying Magic Cleaner - ataraina<\/title>\n<meta name=\"description\" content=\"Flying Magic Cleaner is THE WORLD\u2019S FIRST FLYING AIR PURIFIER. A lightweight air cleaning drone that collects dust and pollen while flying safely inside your home.\" \/>\n<meta name=\"robots\" content=\"index, follow, max-snippet:-1, max-image-preview:large, max-video-preview:-1\" \/>\n<link rel=\"canonical\" href=\"https:\/\/www.ataraina.eu\/fr\/flying-magic-cleaner\/\" \/>\n<meta property=\"og:locale\" content=\"fr_FR\" \/>\n<meta property=\"og:type\" content=\"article\" \/>\n<meta property=\"og:title\" content=\"Flying Magic Cleaner - ataraina\" \/>\n<meta property=\"og:description\" content=\"Flying Magic Cleaner is THE WORLD\u2019S FIRST FLYING AIR PURIFIER. A lightweight air cleaning drone that collects dust and pollen while flying safely inside your home.\" \/>\n<meta property=\"og:url\" content=\"https:\/\/www.ataraina.eu\/fr\/flying-magic-cleaner\/\" \/>\n<meta property=\"og:site_name\" content=\"ataraina\" \/>\n<meta property=\"article:modified_time\" content=\"2020-11-03T18:13:29+00:00\" \/>\n<meta name=\"twitter:card\" content=\"summary_large_image\" \/>\n<meta name=\"twitter:label1\" content=\"Dur\u00e9e de lecture estim\u00e9e\" \/>\n\t<meta name=\"twitter:data1\" content=\"2 minutes\" \/>\n<script type=\"application\/ld+json\" class=\"yoast-schema-graph\">{\"@context\":\"https:\/\/schema.org\",\"@graph\":[{\"@type\":\"WebSite\",\"@id\":\"https:\/\/www.ataraina.eu\/#website\",\"url\":\"https:\/\/www.ataraina.eu\/\",\"name\":\"ataraina\",\"description\":\"Technology fot a better life\",\"potentialAction\":[{\"@type\":\"SearchAction\",\"target\":{\"@type\":\"EntryPoint\",\"urlTemplate\":\"https:\/\/www.ataraina.eu\/?s={search_term_string}\"},\"query-input\":\"required name=search_term_string\"}],\"inLanguage\":\"fr-FR\"},{\"@type\":\"WebPage\",\"@id\":\"https:\/\/www.ataraina.eu\/fr\/flying-magic-cleaner\/\",\"url\":\"https:\/\/www.ataraina.eu\/fr\/flying-magic-cleaner\/\",\"name\":\"Flying Magic Cleaner - ataraina\",\"isPartOf\":{\"@id\":\"https:\/\/www.ataraina.eu\/#website\"},\"datePublished\":\"2020-08-28T12:12:36+00:00\",\"dateModified\":\"2020-11-03T18:13:29+00:00\",\"description\":\"Flying Magic Cleaner is THE WORLD\u2019S FIRST FLYING AIR PURIFIER. A lightweight air cleaning drone that collects dust and pollen while flying safely inside your home.\",\"breadcrumb\":{\"@id\":\"https:\/\/www.ataraina.eu\/fr\/flying-magic-cleaner\/#breadcrumb\"},\"inLanguage\":\"fr-FR\",\"potentialAction\":[{\"@type\":\"ReadAction\",\"target\":[\"https:\/\/www.ataraina.eu\/fr\/flying-magic-cleaner\/\"]}]},{\"@type\":\"BreadcrumbList\",\"@id\":\"https:\/\/www.ataraina.eu\/fr\/flying-magic-cleaner\/#breadcrumb\",\"itemListElement\":[{\"@type\":\"ListItem\",\"position\":1,\"name\":\"Home\",\"item\":\"https:\/\/www.ataraina.eu\/fr\/\"},{\"@type\":\"ListItem\",\"position\":2,\"name\":\"Flying Magic Cleaner\"}]}]}<\/script>\n<!-- \/ Yoast SEO plugin. -->","yoast_head_json":{"title":"Flying Magic Cleaner - ataraina","description":"Flying Magic Cleaner is THE WORLD\u2019S FIRST FLYING AIR PURIFIER. A lightweight air cleaning drone that collects dust and pollen while flying safely inside your home.","robots":{"index":"index","follow":"follow","max-snippet":"max-snippet:-1","max-image-preview":"max-image-preview:large","max-video-preview":"max-video-preview:-1"},"canonical":"https:\/\/www.ataraina.eu\/fr\/flying-magic-cleaner\/","og_locale":"fr_FR","og_type":"article","og_title":"Flying Magic Cleaner - ataraina","og_description":"Flying Magic Cleaner is THE WORLD\u2019S FIRST FLYING AIR PURIFIER. A lightweight air cleaning drone that collects dust and pollen while flying safely inside your home.","og_url":"https:\/\/www.ataraina.eu\/fr\/flying-magic-cleaner\/","og_site_name":"ataraina","article_modified_time":"2020-11-03T18:13:29+00:00","twitter_card":"summary_large_image","twitter_misc":{"Dur\u00e9e de lecture estim\u00e9e":"2 minutes"},"schema":{"@context":"https:\/\/schema.org","@graph":[{"@type":"WebSite","@id":"https:\/\/www.ataraina.eu\/#website","url":"https:\/\/www.ataraina.eu\/","name":"ataraina","description":"Technology fot a better life","potentialAction":[{"@type":"SearchAction","target":{"@type":"EntryPoint","urlTemplate":"https:\/\/www.ataraina.eu\/?s={search_term_string}"},"query-input":"required name=search_term_string"}],"inLanguage":"fr-FR"},{"@type":"WebPage","@id":"https:\/\/www.ataraina.eu\/fr\/flying-magic-cleaner\/","url":"https:\/\/www.ataraina.eu\/fr\/flying-magic-cleaner\/","name":"Flying Magic Cleaner - ataraina","isPartOf":{"@id":"https:\/\/www.ataraina.eu\/#website"},"datePublished":"2020-08-28T12:12:36+00:00","dateModified":"2020-11-03T18:13:29+00:00","description":"Flying Magic Cleaner is THE WORLD\u2019S FIRST FLYING AIR PURIFIER. A lightweight air cleaning drone that collects dust and pollen while flying safely inside your home.","breadcrumb":{"@id":"https:\/\/www.ataraina.eu\/fr\/flying-magic-cleaner\/#breadcrumb"},"inLanguage":"fr-FR","potentialAction":[{"@type":"ReadAction","target":["https:\/\/www.ataraina.eu\/fr\/flying-magic-cleaner\/"]}]},{"@type":"BreadcrumbList","@id":"https:\/\/www.ataraina.eu\/fr\/flying-magic-cleaner\/#breadcrumb","itemListElement":[{"@type":"ListItem","position":1,"name":"Home","item":"https:\/\/www.ataraina.eu\/fr\/"},{"@type":"ListItem","position":2,"name":"Flying Magic Cleaner"}]}]}},"_links":{"self":[{"href":"https:\/\/www.ataraina.eu\/fr\/wp-json\/wp\/v2\/pages\/12270"}],"collection":[{"href":"https:\/\/www.ataraina.eu\/fr\/wp-json\/wp\/v2\/pages"}],"about":[{"href":"https:\/\/www.ataraina.eu\/fr\/wp-json\/wp\/v2\/types\/page"}],"author":[{"embeddable":true,"href":"https:\/\/www.ataraina.eu\/fr\/wp-json\/wp\/v2\/users\/1"}],"replies":[{"embeddable":true,"href":"https:\/\/www.ataraina.eu\/fr\/wp-json\/wp\/v2\/comments?post=12270"}],"version-history":[{"count":4,"href":"https:\/\/www.ataraina.eu\/fr\/wp-json\/wp\/v2\/pages\/12270\/revisions"}],"predecessor-version":[{"id":12281,"href":"https:\/\/www.ataraina.eu\/fr\/wp-json\/wp\/v2\/pages\/12270\/revisions\/12281"}],"wp:attachment":[{"href":"https:\/\/www.ataraina.eu\/fr\/wp-json\/wp\/v2\/media?parent=12270"}],"curies":[{"name":"wp","href":"https:\/\/api.w.org\/{rel}","templated":true}]}}