{"id":12618,"date":"2020-09-25T12:16:12","date_gmt":"2020-09-25T10:16:12","guid":{"rendered":"https:\/\/www.ataraina.eu\/product\/oishi-lavanda\/"},"modified":"2020-09-25T12:16:12","modified_gmt":"2020-09-25T10:16:12","slug":"oishi-lavanda","status":"publish","type":"product","link":"https:\/\/www.ataraina.eu\/es\/producto\/oishi-lavanda\/","title":{"rendered":"Oishi Lavanda"},"content":{"rendered":"<p>Gracias a su dise\u00f1o compacto y ligero es perfecto para llevarlo contigo a todas partes. En la calle, en el bus, al trabajo, en el auto, en el avi\u00f3n, \u00a1todos!<br \/>\nCombina el aire limpio con un aroma de efecto relajante. Difusor de esencias. Amplia variedad de aromas florales, c\u00edtricos y herb\u00e1ceos.<br \/>\nCaptura bacterias, polen, \u00e1caros, polvo, PM2.5 y los elimina.<br \/>\nSu innovador filtro de tres capas captura part\u00edculas gracias a la electricidad est\u00e1tica y el poder de los iones negativos las elimina.<br \/>\nPara beb\u00e9s, ni\u00f1os, adultos y ancianos.<\/p>\n","protected":false},"excerpt":{"rendered":"<p>Gracias a su dise\u00f1o compacto y ligero es perfecto para llevarlo contigo a todas partes. En la calle, en el bus, al trabajo, en el auto, en el avi\u00f3n, \u00a1todos! Combina el aire limpio con un aroma de efecto relajante. Difusor de esencias. Amplia variedad&#8230;<\/p>\n","protected":false},"featured_media":12619,"template":"","meta":[],"product_cat":[219],"product_tag":[],"yoast_head":"<!-- This site is optimized with the Yoast SEO plugin v19.4 - https:\/\/yoast.com\/wordpress\/plugins\/seo\/ -->\n<title>Oishi Lavanda - ataraina<\/title>\n<meta name=\"description\" content=\"Gracias a su dise\u00f1o compacto y ligero es perfecto para llevarlo contigo a todas partes. En la calle, en el bus, al trabajo, en el auto, en el avi\u00f3n, \u00a1todos! Combina el aire limpio con un aroma de efecto relajante. Difusor de esencias. Amplia variedad de aromas florales, c\u00edtricos y herb\u00e1ceos. Captura bacterias, polen, \u00e1caros, polvo, PM2.5 y los elimina. Su innovador filtro de tres capas captura part\u00edculas gracias a la electricidad est\u00e1tica y el poder de los iones negativos las elimina. Para beb\u00e9s, ni\u00f1os, adultos y ancianos.\" \/>\n<meta name=\"robots\" content=\"index, follow, max-snippet:-1, max-image-preview:large, max-video-preview:-1\" \/>\n<link rel=\"canonical\" href=\"https:\/\/www.ataraina.eu\/es\/producto\/oishi-lavanda\/\" \/>\n<meta property=\"og:locale\" content=\"es_ES\" \/>\n<meta property=\"og:type\" content=\"article\" \/>\n<meta property=\"og:title\" content=\"Oishi Lavanda - ataraina\" \/>\n<meta property=\"og:description\" content=\"Gracias a su dise\u00f1o compacto y ligero es perfecto para llevarlo contigo a todas partes. En la calle, en el bus, al trabajo, en el auto, en el avi\u00f3n, \u00a1todos! Combina el aire limpio con un aroma de efecto relajante. Difusor de esencias. Amplia variedad de aromas florales, c\u00edtricos y herb\u00e1ceos. Captura bacterias, polen, \u00e1caros, polvo, PM2.5 y los elimina. Su innovador filtro de tres capas captura part\u00edculas gracias a la electricidad est\u00e1tica y el poder de los iones negativos las elimina. Para beb\u00e9s, ni\u00f1os, adultos y ancianos.\" \/>\n<meta property=\"og:url\" content=\"https:\/\/www.ataraina.eu\/es\/producto\/oishi-lavanda\/\" \/>\n<meta property=\"og:site_name\" content=\"ataraina\" \/>\n<meta property=\"og:image\" content=\"https:\/\/www.ataraina.eu\/wp-content\/uploads\/2020\/09\/OiSHi_Box_purple.jpg\" \/>\n\t<meta property=\"og:image:width\" content=\"1430\" \/>\n\t<meta property=\"og:image:height\" content=\"1430\" \/>\n\t<meta property=\"og:image:type\" content=\"image\/jpeg\" \/>\n<meta name=\"twitter:card\" content=\"summary_large_image\" \/>\n<script type=\"application\/ld+json\" class=\"yoast-schema-graph\">{\"@context\":\"https:\/\/schema.org\",\"@graph\":[{\"@type\":\"WebSite\",\"@id\":\"https:\/\/www.ataraina.eu\/#website\",\"url\":\"https:\/\/www.ataraina.eu\/\",\"name\":\"ataraina\",\"description\":\"Technology fot a better life\",\"potentialAction\":[{\"@type\":\"SearchAction\",\"target\":{\"@type\":\"EntryPoint\",\"urlTemplate\":\"https:\/\/www.ataraina.eu\/?s={search_term_string}\"},\"query-input\":\"required name=search_term_string\"}],\"inLanguage\":\"es\"},{\"@type\":\"WebPage\",\"@id\":\"https:\/\/www.ataraina.eu\/es\/producto\/oishi-lavanda\/\",\"url\":\"https:\/\/www.ataraina.eu\/es\/producto\/oishi-lavanda\/\",\"name\":\"Oishi Lavanda - ataraina\",\"isPartOf\":{\"@id\":\"https:\/\/www.ataraina.eu\/#website\"},\"datePublished\":\"2020-09-25T10:16:12+00:00\",\"dateModified\":\"2020-09-25T10:16:12+00:00\",\"description\":\"Gracias a su dise\u00f1o compacto y ligero es perfecto para llevarlo contigo a todas partes. En la calle, en el bus, al trabajo, en el auto, en el avi\u00f3n, \u00a1todos! Combina el aire limpio con un aroma de efecto relajante. Difusor de esencias. Amplia variedad de aromas florales, c\u00edtricos y herb\u00e1ceos. Captura bacterias, polen, \u00e1caros, polvo, PM2.5 y los elimina. Su innovador filtro de tres capas captura part\u00edculas gracias a la electricidad est\u00e1tica y el poder de los iones negativos las elimina. Para beb\u00e9s, ni\u00f1os, adultos y ancianos.\",\"breadcrumb\":{\"@id\":\"https:\/\/www.ataraina.eu\/es\/producto\/oishi-lavanda\/#breadcrumb\"},\"inLanguage\":\"es\",\"potentialAction\":[{\"@type\":\"ReadAction\",\"target\":[\"https:\/\/www.ataraina.eu\/es\/producto\/oishi-lavanda\/\"]}]},{\"@type\":\"BreadcrumbList\",\"@id\":\"https:\/\/www.ataraina.eu\/es\/producto\/oishi-lavanda\/#breadcrumb\",\"itemListElement\":[{\"@type\":\"ListItem\",\"position\":1,\"name\":\"Home\",\"item\":\"https:\/\/www.ataraina.eu\/es\/\"},{\"@type\":\"ListItem\",\"position\":2,\"name\":\"Products\",\"item\":\"https:\/\/www.ataraina.eu\/no\/\"},{\"@type\":\"ListItem\",\"position\":3,\"name\":\"Oishi Lavanda\"}]}]}<\/script>\n<!-- \/ Yoast SEO plugin. -->","yoast_head_json":{"title":"Oishi Lavanda - ataraina","description":"Gracias a su dise\u00f1o compacto y ligero es perfecto para llevarlo contigo a todas partes. En la calle, en el bus, al trabajo, en el auto, en el avi\u00f3n, \u00a1todos! Combina el aire limpio con un aroma de efecto relajante. Difusor de esencias. Amplia variedad de aromas florales, c\u00edtricos y herb\u00e1ceos. Captura bacterias, polen, \u00e1caros, polvo, PM2.5 y los elimina. Su innovador filtro de tres capas captura part\u00edculas gracias a la electricidad est\u00e1tica y el poder de los iones negativos las elimina. Para beb\u00e9s, ni\u00f1os, adultos y ancianos.","robots":{"index":"index","follow":"follow","max-snippet":"max-snippet:-1","max-image-preview":"max-image-preview:large","max-video-preview":"max-video-preview:-1"},"canonical":"https:\/\/www.ataraina.eu\/es\/producto\/oishi-lavanda\/","og_locale":"es_ES","og_type":"article","og_title":"Oishi Lavanda - ataraina","og_description":"Gracias a su dise\u00f1o compacto y ligero es perfecto para llevarlo contigo a todas partes. En la calle, en el bus, al trabajo, en el auto, en el avi\u00f3n, \u00a1todos! Combina el aire limpio con un aroma de efecto relajante. Difusor de esencias. Amplia variedad de aromas florales, c\u00edtricos y herb\u00e1ceos. Captura bacterias, polen, \u00e1caros, polvo, PM2.5 y los elimina. Su innovador filtro de tres capas captura part\u00edculas gracias a la electricidad est\u00e1tica y el poder de los iones negativos las elimina. Para beb\u00e9s, ni\u00f1os, adultos y ancianos.","og_url":"https:\/\/www.ataraina.eu\/es\/producto\/oishi-lavanda\/","og_site_name":"ataraina","og_image":[{"width":1430,"height":1430,"url":"https:\/\/www.ataraina.eu\/wp-content\/uploads\/2020\/09\/OiSHi_Box_purple.jpg","type":"image\/jpeg"}],"twitter_card":"summary_large_image","schema":{"@context":"https:\/\/schema.org","@graph":[{"@type":"WebSite","@id":"https:\/\/www.ataraina.eu\/#website","url":"https:\/\/www.ataraina.eu\/","name":"ataraina","description":"Technology fot a better life","potentialAction":[{"@type":"SearchAction","target":{"@type":"EntryPoint","urlTemplate":"https:\/\/www.ataraina.eu\/?s={search_term_string}"},"query-input":"required name=search_term_string"}],"inLanguage":"es"},{"@type":"WebPage","@id":"https:\/\/www.ataraina.eu\/es\/producto\/oishi-lavanda\/","url":"https:\/\/www.ataraina.eu\/es\/producto\/oishi-lavanda\/","name":"Oishi Lavanda - ataraina","isPartOf":{"@id":"https:\/\/www.ataraina.eu\/#website"},"datePublished":"2020-09-25T10:16:12+00:00","dateModified":"2020-09-25T10:16:12+00:00","description":"Gracias a su dise\u00f1o compacto y ligero es perfecto para llevarlo contigo a todas partes. En la calle, en el bus, al trabajo, en el auto, en el avi\u00f3n, \u00a1todos! Combina el aire limpio con un aroma de efecto relajante. Difusor de esencias. Amplia variedad de aromas florales, c\u00edtricos y herb\u00e1ceos. Captura bacterias, polen, \u00e1caros, polvo, PM2.5 y los elimina. Su innovador filtro de tres capas captura part\u00edculas gracias a la electricidad est\u00e1tica y el poder de los iones negativos las elimina. Para beb\u00e9s, ni\u00f1os, adultos y ancianos.","breadcrumb":{"@id":"https:\/\/www.ataraina.eu\/es\/producto\/oishi-lavanda\/#breadcrumb"},"inLanguage":"es","potentialAction":[{"@type":"ReadAction","target":["https:\/\/www.ataraina.eu\/es\/producto\/oishi-lavanda\/"]}]},{"@type":"BreadcrumbList","@id":"https:\/\/www.ataraina.eu\/es\/producto\/oishi-lavanda\/#breadcrumb","itemListElement":[{"@type":"ListItem","position":1,"name":"Home","item":"https:\/\/www.ataraina.eu\/es\/"},{"@type":"ListItem","position":2,"name":"Products","item":"https:\/\/www.ataraina.eu\/no\/"},{"@type":"ListItem","position":3,"name":"Oishi Lavanda"}]}]}},"_links":{"self":[{"href":"https:\/\/www.ataraina.eu\/es\/wp-json\/wp\/v2\/product\/12618"}],"collection":[{"href":"https:\/\/www.ataraina.eu\/es\/wp-json\/wp\/v2\/product"}],"about":[{"href":"https:\/\/www.ataraina.eu\/es\/wp-json\/wp\/v2\/types\/product"}],"wp:featuredmedia":[{"embeddable":true,"href":"https:\/\/www.ataraina.eu\/es\/wp-json\/wp\/v2\/media\/12619"}],"wp:attachment":[{"href":"https:\/\/www.ataraina.eu\/es\/wp-json\/wp\/v2\/media?parent=12618"}],"wp:term":[{"taxonomy":"product_cat","embeddable":true,"href":"https:\/\/www.ataraina.eu\/es\/wp-json\/wp\/v2\/product_cat?post=12618"},{"taxonomy":"product_tag","embeddable":true,"href":"https:\/\/www.ataraina.eu\/es\/wp-json\/wp\/v2\/product_tag?post=12618"}],"curies":[{"name":"wp","href":"https:\/\/api.w.org\/{rel}","templated":true}]}}