{"id":11989,"date":"2020-09-02T18:23:35","date_gmt":"2020-09-02T16:23:35","guid":{"rendered":"https:\/\/www.ataraina.eu\/aboutus\/"},"modified":"2021-04-29T11:09:53","modified_gmt":"2021-04-29T09:09:53","slug":"aboutus","status":"publish","type":"page","link":"https:\/\/www.ataraina.eu\/es\/aboutus\/","title":{"rendered":"About us"},"content":{"rendered":"<p>[vc_row][vc_column]\n\t\t\t<!-- START Creative Studio REVOLUTION SLIDER 6.1.3 --><p class=\"rs-p-wp-fix\"><\/p>\n\t\t\t<rs-module-wrap id=\"rev_slider_2_1_wrapper\" data-source=\"gallery\" style=\"background:transparent;padding:0;\">\n\t\t\t\t<rs-module id=\"rev_slider_2_1\" style=\"display:none;\" data-version=\"6.1.3\">\n\t\t\t\t\t<rs-slides>\n\t\t\t\t\t\t<rs-slide data-key=\"rs-3\" data-title=\"Slide\" data-duration=\"4000\" data-anim=\"ei:d;eo:d;s:d;r:0;t:fade;sl:d;\" data-mediafilter=\"aden\">\n\t\t\t\t\t\t\t<img src=\"\/\/www.ataraina.eu\/wp-content\/uploads\/2020\/08\/pixta_17299708_L.jpg\" alt=\"lavender\" title=\"pixta_17299708_L\" width=\"2112\" height=\"1409\" data-parallax=\"7\" class=\"rev-slidebg\" data-no-retina>\n<!--\n\t\t\t\t\t\t\t--><rs-layer\n\t\t\t\t\t\t\t\tid=\"slider-2-slide-3-layer-2\" \n\t\t\t\t\t\t\t\tdata-type=\"text\"\n\t\t\t\t\t\t\t\tdata-color=\"#00821c||rgba(119,119,119,1)||rgba(119,119,119,1)||#000000\"\n\t\t\t\t\t\t\t\tdata-rsp_ch=\"on\"\n\t\t\t\t\t\t\t\tdata-xy=\"x:c,c,l,c;xo:-234px,-154px,55px,10px;y:m,m,t,m;yo:-85px,35px,160px,-96px;\"\n\t\t\t\t\t\t\t\tdata-text=\"w:normal;s:40,20,20,15;l:40,34,34,21;a:inherit;\"\n\t\t\t\t\t\t\t\tdata-dim=\"w:658px,493px,500px,264px;h:auto,71px,69px,auto;\"\n\t\t\t\t\t\t\t\tdata-basealign=\"slide\"\n\t\t\t\t\t\t\t\tdata-frame_0=\"sX:0.8;sY:0.8;\"\n\t\t\t\t\t\t\t\tdata-frame_1=\"e:Power4.easeOut;st:280;sp:1000;sR:280;\"\n\t\t\t\t\t\t\t\tdata-frame_999=\"x:-50px,-50px,-50px,-34px;o:0;tp:600;e:nothing;st:w;sR:2720;\"\n\t\t\t\t\t\t\t\tstyle=\"z-index:9;font-family:Open Sans;\"\n\t\t\t\t\t\t\t>TECHNOLOGY FOR A BETTER LIFE \n\t\t\t\t\t\t\t<\/rs-layer><!--\n\n\t\t\t\t\t\t\t--><rs-layer\n\t\t\t\t\t\t\t\tid=\"slider-2-slide-3-layer-6\" \n\t\t\t\t\t\t\t\tclass=\"rs-pxl-5\"\n\t\t\t\t\t\t\t\tdata-type=\"image\"\n\t\t\t\t\t\t\t\tdata-rsp_ch=\"on\"\n\t\t\t\t\t\t\t\tdata-xy=\"x:c,c,r,c;xo:342px,207px,10px,65px;y:m,m,t,m;yo:27px,20px,370px,129px;\"\n\t\t\t\t\t\t\t\tdata-text=\"l:22;a:inherit;\"\n\t\t\t\t\t\t\t\tdata-dim=\"w:1000px,388px,363px,600px;h:667px,601px,562px,400px;\"\n\t\t\t\t\t\t\t\tdata-basealign=\"slide\"\n\t\t\t\t\t\t\t\tdata-frame_0=\"x:50px;tp:600;\"\n\t\t\t\t\t\t\t\tdata-frame_1=\"tp:600;e:Power2.easeInOut;st:840;sp:700;sR:840;\"\n\t\t\t\t\t\t\t\tdata-frame_999=\"o:0;tp:600;e:nothing;st:w;sR:2460;\"\n\t\t\t\t\t\t\t\tstyle=\"z-index:8;font-family:Roboto;\"\n\t\t\t\t\t\t\t><img src=\"\/\/www.ataraina.eu\/wp-content\/uploads\/2020\/08\/CHICA-TRANSPARENTE.png\" width=\"2362\" height=\"1575\" data-no-retina> \n\t\t\t\t\t\t\t<\/rs-layer><!--\n\n\t\t\t\t\t\t\t--><rs-layer\n\t\t\t\t\t\t\t\tid=\"slider-2-slide-3-layer-17\" \n\t\t\t\t\t\t\t\tdata-type=\"image\"\n\t\t\t\t\t\t\t\tdata-rsp_ch=\"on\"\n\t\t\t\t\t\t\t\tdata-xy=\"xo:2px,1px,0,2px;yo:9px,5px,3px,1px;\"\n\t\t\t\t\t\t\t\tdata-text=\"w:normal;s:20,12,9,4;l:0,15,11,6;\"\n\t\t\t\t\t\t\t\tdata-dim=\"w:800px,492px,369px,300px;h:322px,198px,148px,121px;\"\n\t\t\t\t\t\t\t\tdata-frame_0=\"sX:0.8;sY:0.8;\"\n\t\t\t\t\t\t\t\tdata-frame_1=\"e:Power4.easeOut;st:290;sp:1000;sR:290;\"\n\t\t\t\t\t\t\t\tdata-frame_999=\"o:0;st:w;sR:2710;\"\n\t\t\t\t\t\t\t\tstyle=\"z-index:5;font-family:Roboto;\"\n\t\t\t\t\t\t\t><img src=\"\/\/www.ataraina.eu\/wp-content\/uploads\/2020\/08\/LOGO-ATARAINA-OFICIAL.png\" alt=\"ataraina\" width=\"2634\" height=\"1060\" data-no-retina> \n\t\t\t\t\t\t\t<\/rs-layer><!--\n-->\t\t\t\t\t\t<\/rs-slide>\n\t\t\t\t\t<\/rs-slides>\n\t\t\t\t\t<rs-progress class=\"rs-bottom\" style=\"visibility: hidden !important;\"><\/rs-progress>\n\t\t\t\t<\/rs-module>\n\t\t\t\t<script type=\"text\/javascript\">\n\t\t\t\t\tsetREVStartSize({c: 'rev_slider_2_1',rl:[1240,1024,778,480],el:[700,600,860,400],gw:[1300,800,600,300],gh:[700,600,860,400],layout:'fullscreen',offsetContainer:'.touch .mkd-page-header',offset:'',mh:\"0\"});\n\t\t\t\t\tvar\trevapi2,\n\t\t\t\t\t\ttpj;\n\t\t\t\t\tjQuery(function() {\n\t\t\t\t\t\ttpj = jQuery;\n\t\t\t\t\t\tif(tpj(\"#rev_slider_2_1\").revolution == undefined){\n\t\t\t\t\t\t\trevslider_showDoubleJqueryError(\"#rev_slider_2_1\");\n\t\t\t\t\t\t}else{\n\t\t\t\t\t\t\trevapi2 = tpj(\"#rev_slider_2_1\").show().revolution({\n\t\t\t\t\t\t\t\tjsFileLocation:\"\/\/www.ataraina.eu\/wp-content\/plugins\/revslider\/public\/assets\/js\/\",\n\t\t\t\t\t\t\t\tsliderLayout:\"fullscreen\",\n\t\t\t\t\t\t\t\tduration:4000,\n\t\t\t\t\t\t\t\tvisibilityLevels:\"1240,1024,778,480\",\n\t\t\t\t\t\t\t\tgridwidth:\"1300,800,600,300\",\n\t\t\t\t\t\t\t\tgridheight:\"700,600,860,400\",\n\t\t\t\t\t\t\t\tminHeight:\"\",\n\t\t\t\t\t\t\t\teditorheight:\"700,600,860,400\",\n\t\t\t\t\t\t\t\tresponsiveLevels:\"1240,1024,778,480\",\n\t\t\t\t\t\t\t\tfullScreenOffsetContainer:\".touch .mkd-page-header\",\n\t\t\t\t\t\t\t\tdisableProgressBar:\"on\",\n\t\t\t\t\t\t\t\tnavigation: {\n\t\t\t\t\t\t\t\t\tonHoverStop:false\n\t\t\t\t\t\t\t\t},\n\t\t\t\t\t\t\t\tparallax: {\n\t\t\t\t\t\t\t\t\tlevels:[5,10,15,20,25,30,35,40,45,46,47,48,49,50,51,55],\n\t\t\t\t\t\t\t\t\ttype:\"scroll\"\n\t\t\t\t\t\t\t\t},\n\t\t\t\t\t\t\t\tfallbacks: {\n\t\t\t\t\t\t\t\t\tallowHTML5AutoPlayOnAndroid:true\n\t\t\t\t\t\t\t\t},\n\t\t\t\t\t\t\t});\n\t\t\t\t\t\t}\n\t\t\t\t\t\t\n\t\t\t\t\t});\n\t\t\t\t<\/script>\n\t\t\t<\/rs-module-wrap>\n\t\t\t<!-- END REVOLUTION SLIDER -->\n[\/vc_column][\/vc_row][vc_row css=\u00bb.vc_custom_1602156688202{margin-top: 30px !important;margin-right: 10px !important;margin-left: 10px !important;padding-top: 30px !important;padding-bottom: 30px !important;background-color: #f7f7f7 !important;}\u00bb][vc_column][vc_column_text]<\/p>\n<div class=\"mkd-section-title-holder\">\n<h2 style=\"text-align: center;\"><span style=\"color: #000000;\"><strong>NUESTRA MARCA<\/strong><\/span><\/h2>\n<\/div>\n<div class=\"wpb_text_column wpb_content_element \">\n<div class=\"wpb_wrapper\">\n<p style=\"text-align: center;\"><span style=\"color: #000000;\"><strong>El concepto de ataraina nace de la idea \u201cser\u00eda bueno si existiera\u201d.<\/strong><\/span><\/p>\n<p style=\"text-align: center;\"><span style=\"color: #000000;\"><strong>Por ello, hemos desarrollado 4 productos pr\u00e1cticos.<\/strong><\/span><\/p>\n<\/div>\n<\/div>\n<p>[\/vc_column_text][\/vc_column][\/vc_row][vc_row content_aligment=\u00bbcenter\u00bb][vc_column][vc_single_image image=\u00bb11522&#8243; img_size=\u00bbmedium\u00bb alignment=\u00bbcenter\u00bb css_animation=\u00bbslideInUp\u00bb][\/vc_column][\/vc_row][vc_row css=\u00bb.vc_custom_1602155045337{margin-right: 10px !important;margin-left: 10px !important;}\u00bb][vc_column][vc_column_text]<\/p>\n<p style=\"text-align: center;\"><span style=\"color: #000000;\">En octubre de 2016, naci\u00f3 la marca<a href=\"https:\/\/www.ataraina.eu\/es\/\"> ataraina.<\/a> El significado de la palabra ataraina en japon\u00e9s es \u201cser\u00eda bueno si existiera\u201d.<\/span><\/p>\n<p style=\"text-align: center;\"><span style=\"color: #000000;\">Incluimos la idea de querer que las personas se sientan cercanas a la tecnolog\u00eda know-how en el campo de los semiconductores de <a href=\"https:\/\/creative-technology.co.jp\/\">Creative Technology Co.<\/a><\/span><\/p>\n<p style=\"text-align: center;\"><span style=\"color: #000000;\">Con la aspiraci\u00f3n de hacer un mundo m\u00e1s c\u00f3modo, repetimos investigaciones d\u00eda y noche, reuniendo los resultados m\u00e1s satisfactorios para crear el art\u00edculo con el mejor resultado final y comercializarlo.<\/span><\/p>\n<p style=\"text-align: center;\"><span style=\"color: #000000;\">Nuestro objetivo es que en el futuro cada persona tenga un producto de ataraina en su hogar.<\/span><\/p>\n<p>[\/vc_column_text][\/vc_column][\/vc_row][vc_row css=\u00bb.vc_custom_1602156297072{margin-top: 60px !important;margin-right: 10px !important;margin-left: 10px !important;background-color: #f7f7f7 !important;}\u00bb][vc_column css=\u00bb.vc_custom_1602156575532{margin-bottom: 20px !important;}\u00bb][vc_column_text]<\/p>\n<h2 style=\"text-align: center;\"><span style=\"color: #000000;\"><strong>NUESTRA COMPA\u00d1\u00cdA<\/strong><\/span><\/h2>\n<p style=\"text-align: center;\"><span style=\"color: #000000;\"><strong>Mensaje del CEO de Creative Technology.<\/strong><\/span><\/p>\n<p>[\/vc_column_text][\/vc_column][\/vc_row][vc_row css=\u00bb.vc_custom_1602156264297{margin-right: 10px !important;margin-left: 10px !important;background-color: #f7f7f7 !important;}\u00bb][vc_column width=\u00bb1\/2&#8243; css=\u00bb.vc_custom_1602157155309{margin-left: 10px !important;}\u00bb][vc_column_text css=\u00bb.vc_custom_1603292685850{margin-top: 50px !important;margin-bottom: 30px !important;}\u00bb]<span style=\"color: #000000;\">\u00abHola, mi nombre es Yoshiaki Tatsumi,<\/span><\/p>\n<p><span style=\"color: #000000;\">Me gustar\u00eda mostraros el mundo de Creative Technology y nuestra marca \u201cataraina\u201d.<\/span><\/p>\n<p><span style=\"color: #000000;\">La empresa fue fundada en 1985 con nuestra sede en Jap\u00f3n, en la ciudad de Kawasaki.<\/span>[\/vc_column_text][\/vc_column][vc_column width=\u00bb1\/2&#8243;][vc_single_image image=\u00bb12707&#8243; img_size=\u00bblarge\u00bb alignment=\u00bbcenter\u00bb css_animation=\u00bbright-to-left\u00bb][\/vc_column][\/vc_row][vc_row css=\u00bb.vc_custom_1602155073733{margin-right: 10px !important;margin-left: 10px !important;background-color: #f7f7f7 !important;background-position: center !important;background-repeat: no-repeat !important;background-size: cover !important;}\u00bb][vc_column width=\u00bb1\/2&#8243;][vc_single_image image=\u00bb11602&#8243; img_size=\u00bbfull\u00bb alignment=\u00bbcenter\u00bb css_animation=\u00bbleft-to-right\u00bb css=\u00bb.vc_custom_1602147430607{margin-top: 20px !important;}\u00bb][\/vc_column][vc_column width=\u00bb1\/2&#8243; css=\u00bb.vc_custom_1602154172676{margin-top: 40px !important;margin-right: 10px !important;}\u00bb][vc_column_text css=\u00bb.vc_custom_1603292715247{margin-top: 20px !important;margin-right: 10px !important;}\u00bb]<span style=\"color: #000000;\">A lo largo de los a\u00f1os, hemos establecido operaciones en Corea, China, Taiw\u00e1n, EE. UU. Y Singapur.<\/span><\/p>\n<p><span style=\"color: #000000;\">Este a\u00f1o comenzamos a entrar en el mercado europeo y ahora estamos en el proceso de crear nuestra sucursal en Munich.<\/span><\/p>\n<p><span style=\"color: #000000;\">Durante m\u00e1s de 30 a\u00f1os, hemos sido l\u00edderes de la industria en el suministro de piezas de equipos semiconductores y servicios de consultor\u00eda a los principales socios de semiconductores en todo el mundo para construir dispositivos electr\u00f3nicos m\u00e1s peque\u00f1os y r\u00e1pidos.<\/span>[\/vc_column_text][\/vc_column][\/vc_row][vc_row css=\u00bb.vc_custom_1602145421858{margin-top: 30px !important;}\u00bb][vc_column][vc_single_image image=\u00bb11623&#8243; img_size=\u00bbfull\u00bb alignment=\u00bbcenter\u00bb][\/vc_column][\/vc_row][vc_row css=\u00bb.vc_custom_1602155086588{margin-top: 30px !important;margin-right: 10px !important;margin-left: 10px !important;background-color: #f7f7f7 !important;background-position: center !important;background-repeat: no-repeat !important;background-size: cover !important;}\u00bb][vc_column width=\u00bb1\/2&#8243; css=\u00bb.vc_custom_1602157082529{margin-top: 60px !important;margin-left: 10px !important;}\u00bb][vc_column_text css=\u00bb.vc_custom_1603292795950{margin-bottom: 20px !important;}\u00bb]<span style=\"color: #000000;\">Para aquellos que no est\u00e1n familiarizados con la fabricaci\u00f3n de dispositivos electr\u00f3nicos, lo que tengo aqu\u00ed en mi mano es lo que se llama una oblea de silicio.<\/span><\/p>\n<p><span style=\"color: #000000;\">Y en mi otra mano, tengo una oblea con chips IC fabricados por nosotros.<\/span><\/p>\n<p><span style=\"color: #000000;\">En este proceso de fabricaci\u00f3n, mientras que los patrones del circuito se producen en la parte superior de la oblea, hemos ideado una forma de mantener la oblea en su lugar, utilizando solo la parte posterior.<\/span><\/p>\n<p><span style=\"color: #000000;\">\u00a0Lo hemos hecho creando artificialmente una fuerza \u00a0de atracci\u00f3n electrost\u00e1tica.<\/span>[\/vc_column_text][\/vc_column][vc_column width=\u00bb1\/2&#8243;][vc_single_image image=\u00bb11661&#8243; img_size=\u00bbfull\u00bb alignment=\u00bbcenter\u00bb][\/vc_column][\/vc_row][vc_row css=\u00bb.vc_custom_1602155093972{margin-top: 30px !important;margin-right: 10px !important;margin-left: 10px !important;background-position: center !important;background-repeat: no-repeat !important;background-size: cover !important;}\u00bb][vc_column width=\u00bb1\/2&#8243;][vc_column_text css=\u00bb.vc_custom_1603292826988{margin-top: 50px !important;margin-bottom: 20px !important;margin-left: 10px !important;}\u00bb]<span style=\"color: #000000;\">A lo largo de los a\u00f1os, hemos desarrollado y dominado esta tecnolog\u00eda \u00fanica, fundamental para fabricar chips de procesador de grado nanom\u00e9trico y pantallas de tel\u00e9fonos inteligentes, que est\u00e1n presentes en muchos de los dispositivos electr\u00f3nicos que utilizamos en la actualidad.<\/span><\/p>\n<p><span style=\"color: #000000;\">Nos complace llevar las mismas tecnolog\u00edas innovadoras al mercado de consumo y a su hogar cotidiano para mejorar a\u00fan m\u00e1s su experiencia de vida.<\/span>[\/vc_column_text][\/vc_column][vc_column width=\u00bb1\/2&#8243;][vc_single_image image=\u00bb11607&#8243; img_size=\u00bblarge\u00bb alignment=\u00bbcenter\u00bb css_animation=\u00bbright-to-left\u00bb][\/vc_column][\/vc_row][vc_row css=\u00bb.vc_custom_1602155101197{margin-right: 10px !important;margin-left: 10px !important;background-color: #f7f7f7 !important;background-position: center !important;background-repeat: no-repeat !important;background-size: cover !important;}\u00bb][vc_column width=\u00bb1\/2&#8243; css=\u00bb.vc_custom_1602157244839{margin-right: 30px !important;margin-left: 10px !important;}\u00bb][vc_column_text css=\u00bb.vc_custom_1603292860399{margin-top: 60px !important;margin-right: 10px !important;margin-bottom: 20px !important;}\u00bb]<\/p>\n<h4>Perm\u00edtanos presentarle nuestra marca, ataraina<\/h4>\n<p><span style=\"color: #000000;\">El siguiente v\u00eddeo que hemos preparado, lo llevar\u00e1 en un peque\u00f1o viaje al mundo de Creative Technology y ataraina. Perm\u00edtanos presentarle las infinitas posibilidades de la tecnolog\u00eda electrost\u00e1tica artificial y c\u00f3mo puede mejorar a\u00fan m\u00e1s su vida cotidiana.<\/span>[\/vc_column_text][\/vc_column][vc_column width=\u00bb1\/2&#8243;][vc_single_image image=\u00bb11592&#8243; img_size=\u00bbfull\u00bb alignment=\u00bbcenter\u00bb css_animation=\u00bbtop-to-bottom\u00bb][\/vc_column][\/vc_row][vc_row css=\u00bb.vc_custom_1602148433546{margin-top: 30px !important;}\u00bb][vc_column][vc_column_text]<\/p>\n<h2 style=\"text-align: center;\">Teatro ataraina x KABUKI<\/h2>\n<p>[\/vc_column_text][\/vc_column][\/vc_row][vc_row][vc_column][vc_video link=\u00bbhttps:\/\/www.youtube.com\/watch?v=debD1rOE35c&amp;feature=emb_logo\u00bb el_width=\u00bb70&#8243; align=\u00bbcenter\u00bb css_animation=\u00bbleft-to-right\u00bb css=\u00bb.vc_custom_1602150565387{margin-top: 30px !important;margin-bottom: 30px !important;}\u00bb][\/vc_column][\/vc_row][vc_row css=\u00bb.vc_custom_1602157561886{margin-right: 10px !important;margin-left: 10px !important;background-color: #f7f7f7 !important;background-position: center !important;background-repeat: no-repeat !important;background-size: cover !important;}\u00bb][vc_column width=\u00bb1\/2&#8243; css=\u00bb.vc_custom_1602157574394{margin-top: 30px !important;margin-bottom: 30px !important;}\u00bb][vc_single_image image=\u00bb11542&#8243; img_size=\u00bbfull\u00bb alignment=\u00bbcenter\u00bb css_animation=\u00bbtop-to-bottom\u00bb][\/vc_column][vc_column width=\u00bb1\/2&#8243; css=\u00bb.vc_custom_1602153450206{margin-top: 50px !important;margin-left: 10px !important;}\u00bb][vc_column_text css=\u00bb.vc_custom_1603292918023{margin-right: 10px !important;margin-bottom: 30px !important;}\u00bb]<span style=\"color: #000000;\">Nuestro objetivo no es solo mejorar la vida diaria de hoy y ma\u00f1ana, sino ayudar a todos a ser m\u00e1s responsables del manejo de los recursos de nuestra tierra con la ayuda de nuestra tecnolog\u00eda.<\/span><\/p>\n<p><span style=\"color: #000000;\">Nos enorgullece ayudar a otros a alcanzar los Objetivos de Desarrollo Sostenible al compartir nuestra innovadora tecnolog\u00eda electrost\u00e1tica artificial para el bien com\u00fan.<\/span><\/p>\n<p><span style=\"color: #000000;\">Muchas gracias por acompa\u00f1arnos.<\/span><\/p>\n<p><span style=\"color: #000000;\">\u00a0\u00a0\u00a0\u00a0\u00a0 Yoshiaki Tatsumi<\/span><\/p>\n<p><span style=\"color: #000000;\">CEO de Creative Technology. \u00a0\u00a05 de septiembre de 2020<\/span>[\/vc_column_text][\/vc_column][\/vc_row]<\/p>\n","protected":false},"excerpt":{"rendered":"<p>[vc_row][vc_column][\/vc_column][\/vc_row][vc_row css=\u00bb.vc_custom_1602156688202{margin-top: 30px !important;margin-right: 10px !important;margin-left: 10px !important;padding-top: 30px !important;padding-bottom: 30px !important;background-color: #f7f7f7 !important;}\u00bb][vc_column][vc_column_text] NUESTRA MARCA El concepto de ataraina nace de la idea \u201cser\u00eda bueno si existiera\u201d. Por ello, hemos desarrollado 4 productos pr\u00e1cticos. [\/vc_column_text][\/vc_column][\/vc_row][vc_row content_aligment=\u00bbcenter\u00bb][vc_column][vc_single_image image=\u00bb11522&#8243; img_size=\u00bbmedium\u00bb alignment=\u00bbcenter\u00bb css_animation=\u00bbslideInUp\u00bb][\/vc_column][\/vc_row][vc_row css=\u00bb.vc_custom_1602155045337{margin-right: 10px !important;margin-left: 10px&#8230;<\/p>\n","protected":false},"author":1,"featured_media":0,"parent":0,"menu_order":0,"comment_status":"closed","ping_status":"closed","template":"full-width.php","meta":[],"yoast_head":"<!-- This site is optimized with the Yoast SEO plugin v19.4 - https:\/\/yoast.com\/wordpress\/plugins\/seo\/ -->\n<title>About us - ataraina<\/title>\n<meta name=\"description\" content=\"En octubre de 2016, naci\u00f3 la marca ataraina. El significado de la palabra ataraina en japon\u00e9s es \u201cser\u00eda bueno si existiera\u201d.Incluimos la idea de querer que las personas se sientan cercanas a la tecnolog\u00eda know-how en el campo de los semiconductores de Creative Technology Co.Con la aspiraci\u00f3n de hacer un mundo m\u00e1s c\u00f3modo, repetimos investigaciones d\u00eda y noche, reuniendo los resultados m\u00e1s satisfactorios para crear el art\u00edculo con el mejor resultado final y comercializarlo.Nuestro objetivo es que en el futuro cada persona tenga un producto de ataraina en su hogar.\" \/>\n<meta name=\"robots\" content=\"index, follow, max-snippet:-1, max-image-preview:large, max-video-preview:-1\" \/>\n<link rel=\"canonical\" href=\"https:\/\/www.ataraina.eu\/es\/aboutus\/\" \/>\n<meta property=\"og:locale\" content=\"es_ES\" \/>\n<meta property=\"og:type\" content=\"article\" \/>\n<meta property=\"og:title\" content=\"About us - ataraina\" \/>\n<meta property=\"og:description\" content=\"En octubre de 2016, naci\u00f3 la marca ataraina. El significado de la palabra ataraina en japon\u00e9s es \u201cser\u00eda bueno si existiera\u201d.Incluimos la idea de querer que las personas se sientan cercanas a la tecnolog\u00eda know-how en el campo de los semiconductores de Creative Technology Co.Con la aspiraci\u00f3n de hacer un mundo m\u00e1s c\u00f3modo, repetimos investigaciones d\u00eda y noche, reuniendo los resultados m\u00e1s satisfactorios para crear el art\u00edculo con el mejor resultado final y comercializarlo.Nuestro objetivo es que en el futuro cada persona tenga un producto de ataraina en su hogar.\" \/>\n<meta property=\"og:url\" content=\"https:\/\/www.ataraina.eu\/es\/aboutus\/\" \/>\n<meta property=\"og:site_name\" content=\"ataraina\" \/>\n<meta property=\"article:modified_time\" content=\"2021-04-29T09:09:53+00:00\" \/>\n<meta name=\"twitter:card\" content=\"summary_large_image\" \/>\n<meta name=\"twitter:label1\" content=\"Tiempo de lectura\" \/>\n\t<meta name=\"twitter:data1\" content=\"6 minutos\" \/>\n<script type=\"application\/ld+json\" class=\"yoast-schema-graph\">{\"@context\":\"https:\/\/schema.org\",\"@graph\":[{\"@type\":\"WebSite\",\"@id\":\"https:\/\/www.ataraina.eu\/#website\",\"url\":\"https:\/\/www.ataraina.eu\/\",\"name\":\"ataraina\",\"description\":\"Technology fot a better life\",\"potentialAction\":[{\"@type\":\"SearchAction\",\"target\":{\"@type\":\"EntryPoint\",\"urlTemplate\":\"https:\/\/www.ataraina.eu\/?s={search_term_string}\"},\"query-input\":\"required name=search_term_string\"}],\"inLanguage\":\"es\"},{\"@type\":\"WebPage\",\"@id\":\"https:\/\/www.ataraina.eu\/es\/aboutus\/\",\"url\":\"https:\/\/www.ataraina.eu\/es\/aboutus\/\",\"name\":\"About us - ataraina\",\"isPartOf\":{\"@id\":\"https:\/\/www.ataraina.eu\/#website\"},\"datePublished\":\"2020-09-02T16:23:35+00:00\",\"dateModified\":\"2021-04-29T09:09:53+00:00\",\"description\":\"En octubre de 2016, naci\u00f3 la marca ataraina. El significado de la palabra ataraina en japon\u00e9s es \u201cser\u00eda bueno si existiera\u201d.Incluimos la idea de querer que las personas se sientan cercanas a la tecnolog\u00eda know-how en el campo de los semiconductores de Creative Technology Co.Con la aspiraci\u00f3n de hacer un mundo m\u00e1s c\u00f3modo, repetimos investigaciones d\u00eda y noche, reuniendo los resultados m\u00e1s satisfactorios para crear el art\u00edculo con el mejor resultado final y comercializarlo.Nuestro objetivo es que en el futuro cada persona tenga un producto de ataraina en su hogar.\",\"breadcrumb\":{\"@id\":\"https:\/\/www.ataraina.eu\/es\/aboutus\/#breadcrumb\"},\"inLanguage\":\"es\",\"potentialAction\":[{\"@type\":\"ReadAction\",\"target\":[\"https:\/\/www.ataraina.eu\/es\/aboutus\/\"]}]},{\"@type\":\"BreadcrumbList\",\"@id\":\"https:\/\/www.ataraina.eu\/es\/aboutus\/#breadcrumb\",\"itemListElement\":[{\"@type\":\"ListItem\",\"position\":1,\"name\":\"Home\",\"item\":\"https:\/\/www.ataraina.eu\/es\/\"},{\"@type\":\"ListItem\",\"position\":2,\"name\":\"About us\"}]}]}<\/script>\n<!-- \/ Yoast SEO plugin. -->","yoast_head_json":{"title":"About us - ataraina","description":"En octubre de 2016, naci\u00f3 la marca ataraina. El significado de la palabra ataraina en japon\u00e9s es \u201cser\u00eda bueno si existiera\u201d.Incluimos la idea de querer que las personas se sientan cercanas a la tecnolog\u00eda know-how en el campo de los semiconductores de Creative Technology Co.Con la aspiraci\u00f3n de hacer un mundo m\u00e1s c\u00f3modo, repetimos investigaciones d\u00eda y noche, reuniendo los resultados m\u00e1s satisfactorios para crear el art\u00edculo con el mejor resultado final y comercializarlo.Nuestro objetivo es que en el futuro cada persona tenga un producto de ataraina en su hogar.","robots":{"index":"index","follow":"follow","max-snippet":"max-snippet:-1","max-image-preview":"max-image-preview:large","max-video-preview":"max-video-preview:-1"},"canonical":"https:\/\/www.ataraina.eu\/es\/aboutus\/","og_locale":"es_ES","og_type":"article","og_title":"About us - ataraina","og_description":"En octubre de 2016, naci\u00f3 la marca ataraina. El significado de la palabra ataraina en japon\u00e9s es \u201cser\u00eda bueno si existiera\u201d.Incluimos la idea de querer que las personas se sientan cercanas a la tecnolog\u00eda know-how en el campo de los semiconductores de Creative Technology Co.Con la aspiraci\u00f3n de hacer un mundo m\u00e1s c\u00f3modo, repetimos investigaciones d\u00eda y noche, reuniendo los resultados m\u00e1s satisfactorios para crear el art\u00edculo con el mejor resultado final y comercializarlo.Nuestro objetivo es que en el futuro cada persona tenga un producto de ataraina en su hogar.","og_url":"https:\/\/www.ataraina.eu\/es\/aboutus\/","og_site_name":"ataraina","article_modified_time":"2021-04-29T09:09:53+00:00","twitter_card":"summary_large_image","twitter_misc":{"Tiempo de lectura":"6 minutos"},"schema":{"@context":"https:\/\/schema.org","@graph":[{"@type":"WebSite","@id":"https:\/\/www.ataraina.eu\/#website","url":"https:\/\/www.ataraina.eu\/","name":"ataraina","description":"Technology fot a better life","potentialAction":[{"@type":"SearchAction","target":{"@type":"EntryPoint","urlTemplate":"https:\/\/www.ataraina.eu\/?s={search_term_string}"},"query-input":"required name=search_term_string"}],"inLanguage":"es"},{"@type":"WebPage","@id":"https:\/\/www.ataraina.eu\/es\/aboutus\/","url":"https:\/\/www.ataraina.eu\/es\/aboutus\/","name":"About us - ataraina","isPartOf":{"@id":"https:\/\/www.ataraina.eu\/#website"},"datePublished":"2020-09-02T16:23:35+00:00","dateModified":"2021-04-29T09:09:53+00:00","description":"En octubre de 2016, naci\u00f3 la marca ataraina. El significado de la palabra ataraina en japon\u00e9s es \u201cser\u00eda bueno si existiera\u201d.Incluimos la idea de querer que las personas se sientan cercanas a la tecnolog\u00eda know-how en el campo de los semiconductores de Creative Technology Co.Con la aspiraci\u00f3n de hacer un mundo m\u00e1s c\u00f3modo, repetimos investigaciones d\u00eda y noche, reuniendo los resultados m\u00e1s satisfactorios para crear el art\u00edculo con el mejor resultado final y comercializarlo.Nuestro objetivo es que en el futuro cada persona tenga un producto de ataraina en su hogar.","breadcrumb":{"@id":"https:\/\/www.ataraina.eu\/es\/aboutus\/#breadcrumb"},"inLanguage":"es","potentialAction":[{"@type":"ReadAction","target":["https:\/\/www.ataraina.eu\/es\/aboutus\/"]}]},{"@type":"BreadcrumbList","@id":"https:\/\/www.ataraina.eu\/es\/aboutus\/#breadcrumb","itemListElement":[{"@type":"ListItem","position":1,"name":"Home","item":"https:\/\/www.ataraina.eu\/es\/"},{"@type":"ListItem","position":2,"name":"About us"}]}]}},"_links":{"self":[{"href":"https:\/\/www.ataraina.eu\/es\/wp-json\/wp\/v2\/pages\/11989"}],"collection":[{"href":"https:\/\/www.ataraina.eu\/es\/wp-json\/wp\/v2\/pages"}],"about":[{"href":"https:\/\/www.ataraina.eu\/es\/wp-json\/wp\/v2\/types\/page"}],"author":[{"embeddable":true,"href":"https:\/\/www.ataraina.eu\/es\/wp-json\/wp\/v2\/users\/1"}],"replies":[{"embeddable":true,"href":"https:\/\/www.ataraina.eu\/es\/wp-json\/wp\/v2\/comments?post=11989"}],"version-history":[{"count":5,"href":"https:\/\/www.ataraina.eu\/es\/wp-json\/wp\/v2\/pages\/11989\/revisions"}],"predecessor-version":[{"id":13344,"href":"https:\/\/www.ataraina.eu\/es\/wp-json\/wp\/v2\/pages\/11989\/revisions\/13344"}],"wp:attachment":[{"href":"https:\/\/www.ataraina.eu\/es\/wp-json\/wp\/v2\/media?parent=11989"}],"curies":[{"name":"wp","href":"https:\/\/api.w.org\/{rel}","templated":true}]}}