{"id":11955,"date":"2020-08-28T14:12:36","date_gmt":"2020-08-28T12:12:36","guid":{"rendered":"https:\/\/www.ataraina.eu\/flying-magic-cleaner\/"},"modified":"2020-11-06T12:13:25","modified_gmt":"2020-11-06T11:13:25","slug":"flying-magic-cleaner","status":"publish","type":"page","link":"https:\/\/www.ataraina.eu\/es\/flying-magic-cleaner\/","title":{"rendered":"Flying Magic Cleaner"},"content":{"rendered":"<p>[vc_row][vc_column]\n\t\t\t<!-- START Fying Magic Cleaner REVOLUTION SLIDER 6.1.3 --><p class=\"rs-p-wp-fix\"><\/p>\n\t\t\t<rs-module-wrap id=\"rev_slider_16_1_wrapper\" data-source=\"gallery\" style=\"background:transparent;padding:0;\">\n\t\t\t\t<rs-module id=\"rev_slider_16_1\" style=\"display:none;\" data-version=\"6.1.3\">\n\t\t\t\t\t<rs-slides>\n\t\t\t\t\t\t<rs-slide data-key=\"rs-34\" data-title=\"Slide\" data-duration=\"6000\" data-anim=\"ei:d;eo:d;s:d;r:0;t:fade;sl:d;\">\n\t\t\t\t\t\t\t<img src=\"\/\/www.ataraina.eu\/wp-content\/uploads\/2020\/08\/71cbf81883a35f86cd305b3a2dba28ee_m.jpg\" title=\"71cbf81883a35f86cd305b3a2dba28ee_m\" width=\"1920\" height=\"1409\" data-parallax=\"7\" class=\"rev-slidebg\" data-no-retina>\n<!--\n\t\t\t\t\t\t\t--><rs-layer\n\t\t\t\t\t\t\t\tid=\"slider-16-slide-34-layer-2\" \n\t\t\t\t\t\t\t\tdata-type=\"text\"\n\t\t\t\t\t\t\t\tdata-color=\"#000000\"\n\t\t\t\t\t\t\t\tdata-rsp_ch=\"on\"\n\t\t\t\t\t\t\t\tdata-xy=\"xo:-716px,-440px,-427px,-480px;yo:195px,120px,116px,77px;\"\n\t\t\t\t\t\t\t\tdata-text=\"w:normal;s:111,68,66,67;l:62,38,36,35;a:center;\"\n\t\t\t\t\t\t\t\tdata-dim=\"w:2045,1258,1223,1263;h:1163,715,695,345;\"\n\t\t\t\t\t\t\t\tdata-frame_0=\"x:-50,-30,-29,-29px;y:0,0,0,0px;\"\n\t\t\t\t\t\t\t\tdata-frame_1=\"x:0,0,0,0px;y:0,0,0,0px;st:600;sp:1000;sR:600;\"\n\t\t\t\t\t\t\t\tdata-frame_999=\"o:0;st:w;sR:4400;\"\n\t\t\t\t\t\t\t\tstyle=\"z-index:10;font-family:Lato;\"\n\t\t\t\t\t\t\t>FLYING<br \/>\n<br \/>\nMAGIC<br \/>\n <br \/>\nCLEANER \n\t\t\t\t\t\t\t<\/rs-layer><!--\n\n\t\t\t\t\t\t\t--><rs-layer\n\t\t\t\t\t\t\t\tid=\"slider-16-slide-34-layer-12\" \n\t\t\t\t\t\t\t\tdata-type=\"image\"\n\t\t\t\t\t\t\t\tdata-rsp_ch=\"on\"\n\t\t\t\t\t\t\t\tdata-xy=\"x:c,c,r,c;xo:281px,323px,30px,-4px;y:m,m,t,t;yo:29px,200px,370px,301px;\"\n\t\t\t\t\t\t\t\tdata-text=\"l:22;a:inherit;\"\n\t\t\t\t\t\t\t\tdata-dim=\"w:600px,415px,455px,403px;h:550px,825px,904px,369px;\"\n\t\t\t\t\t\t\t\tdata-basealign=\"slide\"\n\t\t\t\t\t\t\t\tdata-frame_0=\"x:50;\"\n\t\t\t\t\t\t\t\tdata-frame_1=\"st:610;sp:1000;sR:610;\"\n\t\t\t\t\t\t\t\tdata-frame_999=\"y:-50px;o:0;tp:600;e:nothing;st:w;sR:4390;\"\n\t\t\t\t\t\t\t\tstyle=\"z-index:8;font-family:Roboto;\"\n\t\t\t\t\t\t\t><img src=\"\/\/www.ataraina.eu\/wp-content\/uploads\/2020\/08\/Sin-t\u00edtulo-2.png\" width=\"2232\" height=\"2046\" data-no-retina> \n\t\t\t\t\t\t\t<\/rs-layer><!--\n-->\t\t\t\t\t\t<\/rs-slide>\n\t\t\t\t\t<\/rs-slides>\n\t\t\t\t\t<rs-progress class=\"rs-bottom\" style=\"visibility: hidden !important;\"><\/rs-progress>\n\t\t\t\t<\/rs-module>\n\t\t\t\t<script type=\"text\/javascript\">\n\t\t\t\t\tsetREVStartSize({c: 'rev_slider_16_1',rl:[1240,1024,778,480],el:[700,600,900,720],gw:[1300,800,778,300],gh:[700,600,900,720],layout:'fullscreen',offsetContainer:'',offset:'',mh:\"0\"});\n\t\t\t\t\tvar\trevapi16,\n\t\t\t\t\t\ttpj;\n\t\t\t\t\tjQuery(function() {\n\t\t\t\t\t\ttpj = jQuery;\n\t\t\t\t\t\tif(tpj(\"#rev_slider_16_1\").revolution == undefined){\n\t\t\t\t\t\t\trevslider_showDoubleJqueryError(\"#rev_slider_16_1\");\n\t\t\t\t\t\t}else{\n\t\t\t\t\t\t\trevapi16 = tpj(\"#rev_slider_16_1\").show().revolution({\n\t\t\t\t\t\t\t\tjsFileLocation:\"\/\/www.ataraina.eu\/wp-content\/plugins\/revslider\/public\/assets\/js\/\",\n\t\t\t\t\t\t\t\tsliderLayout:\"fullscreen\",\n\t\t\t\t\t\t\t\tduration:4000,\n\t\t\t\t\t\t\t\tvisibilityLevels:\"1240,1024,778,480\",\n\t\t\t\t\t\t\t\tgridwidth:\"1300,800,778,300\",\n\t\t\t\t\t\t\t\tgridheight:\"700,600,900,720\",\n\t\t\t\t\t\t\t\tminHeight:\"\",\n\t\t\t\t\t\t\t\teditorheight:\"700,600,900,720\",\n\t\t\t\t\t\t\t\tresponsiveLevels:\"1240,1024,778,480\",\n\t\t\t\t\t\t\t\tdisableProgressBar:\"on\",\n\t\t\t\t\t\t\t\tnavigation: {\n\t\t\t\t\t\t\t\t\tonHoverStop:false\n\t\t\t\t\t\t\t\t},\n\t\t\t\t\t\t\t\tparallax: {\n\t\t\t\t\t\t\t\t\tlevels:[5,10,15,20,25,30,35,40,45,46,47,48,49,50,51,55],\n\t\t\t\t\t\t\t\t\ttype:\"scroll\"\n\t\t\t\t\t\t\t\t},\n\t\t\t\t\t\t\t\tfallbacks: {\n\t\t\t\t\t\t\t\t\tallowHTML5AutoPlayOnAndroid:true\n\t\t\t\t\t\t\t\t},\n\t\t\t\t\t\t\t});\n\t\t\t\t\t\t}\n\t\t\t\t\t\t\n\t\t\t\t\t});\n\t\t\t\t<\/script>\n\t\t\t<\/rs-module-wrap>\n\t\t\t<!-- END REVOLUTION SLIDER -->\n[\/vc_column][\/vc_row][vc_row content_width=\u00bbgrid\u00bb content_aligment=\u00bbcenter\u00bb css=\u00bb.vc_custom_1598725860994{margin-top: 80px !important;margin-bottom: 80px !important;padding-top: 80px !important;padding-bottom: 80px !important;background-color: #f7f7f7 !important;}\u00bb][vc_column][vc_column_text]<\/p>\n<h3 style=\"text-align: center;\">EL PRIMER PURIFICADOR DE AIRE VOLADOR DEL MUNDO<\/h3>\n<p style=\"text-align: center;\">Un ligero dron de limpieza de aire que recoge polvo y polen mientras vuela de forma segura dentro de su hogar.<\/p>\n<p>[\/vc_column_text][\/vc_column][\/vc_row][vc_row][vc_column]<div class=\"mkd-section-title-holder\">\n\t<h2 class=\"mkd-section-title mkd-section-title-medium\" style=\"text-align: center\">\n\t\u00bfPOR QU\u00c9 NECESITAS UN PURIFICADOR DE AIRE VOLADOR?\t<\/h2>\n<\/div>[vc_single_image image=\u00bb11968&#8243; img_size=\u00bbfull\u00bb alignment=\u00bbcenter\u00bb][vc_single_image image=\u00bb11973&#8243; img_size=\u00bbfull\u00bb alignment=\u00bbcenter\u00bb][\/vc_column][\/vc_row][vc_row css=\u00bb.vc_custom_1598731426660{margin-top: 30px !important;margin-bottom: 30px !important;background-color: #f7f7f7 !important;background-position: center !important;background-repeat: no-repeat !important;background-size: cover !important;}\u00bb][vc_column]<div class=\"mkd-elements-holder mkd-two-columns mkd-responsive-mode-768\" ><div class=\"mkd-elements-holder-item mkd-horizontal-alignment-left\"  >\n\t<div class=\"mkd-elements-holder-item-inner\">\n\t\t<div class=\"mkd-elements-holder-item-content mkd-elements-holder-custom-827216\" style=\"padding: 11.5% 13% 14% 31.5%\">\n\t\t\t\t\t\t\t<style type=\"text\/css\" data-type=\"mkd-elements-custom-padding\" scoped>\n                                        @media only screen and (min-width: 1280px) and (max-width: 1440px) {\n                        .mkd-elements-holder .mkd-elements-holder-item-content.mkd-elements-holder-custom-827216 {\n                            padding: 11.2% 16% 16% 11% !important;\n                        }\n                    }\n\n                                        \t\t\t\t\t@media only screen and (min-width: 1024px) and (max-width: 1280px) {\n\t\t\t\t\t\t.mkd-elements-holder .mkd-elements-holder-item-content.mkd-elements-holder-custom-827216 {\n\t\t\t\t\t\t\tpadding: 12.2% 12% 17.5% 13% !important;\n\t\t\t\t\t\t}\n\t\t\t\t\t}\n\n\t\t\t\t\t\t\t\t\t\t\t\t\t\t\t@media only screen and (min-width: 768px) and (max-width: 1024px) {\n\t\t\t\t\t\t.mkd-elements-holder .mkd-elements-holder-item-content.mkd-elements-holder-custom-827216 {\n\t\t\t\t\t\t\tpadding: 11.2% 10% 13.7% 15% !important;\n\t\t\t\t\t\t}\n\t\t\t\t\t}\n\n\t\t\t\t\t\t\t\t\t\t\t\t\t\t\t@media only screen and (min-width: 600px) and (max-width: 768px) {\n\t\t\t\t\t\t.mkd-elements-holder .mkd-elements-holder-item-content.mkd-elements-holder-custom-827216 {\n\t\t\t\t\t\t\tpadding: 11.2% 21% 13.7% 11% !important;\n\t\t\t\t\t\t}\n\t\t\t\t\t}\n\n\t\t\t\t\t\t\t\t\t\t\t\t\t\t\t@media only screen and (min-width: 480px) and (max-width: 600px) {\n\t\t\t\t\t\t.mkd-elements-holder .mkd-elements-holder-item-content.mkd-elements-holder-custom-827216 {\n\t\t\t\t\t\t\tpadding: 11.2% 13% 13.7% 7% !important;\n\t\t\t\t\t\t}\n\t\t\t\t\t}\n\n\t\t\t\t\t\t\t\t\t\t\t\t\t\t\t@media only screen and (max-width: 480px) {\n\t\t\t\t\t\t.mkd-elements-holder .mkd-elements-holder-item-content.mkd-elements-holder-custom-827216 {\n\t\t\t\t\t\t\tpadding: 11.2% 13% 13.7% 7% !important;\n\t\t\t\t\t\t}\n\t\t\t\t\t}\n\n\t\t\t\t\t\t\t\t\t<\/style>\n\t\t\t\t\t\t[vc_column_text]El polvo, el polen y las PM2.5 en suspensi\u00f3n son dif\u00edciles de eliminar con las aspiradoras tradicionales. Sin embargo, Flying Magic Cleaner puede capturar polvo, polen y PM2.5 mientras vuela de forma segura por la habitaci\u00f3n.<\/p>\n<p>Flying Magic Cleaner despega autom\u00e1ticamente mediante el uso de una c\u00e1mara est\u00e9reo y un sensor de distancia, evitando as\u00ed cualquier obst\u00e1culo en la habitaci\u00f3n.[\/vc_column_text]\t\t<\/div>\n\t<\/div>\n<\/div><div class=\"mkd-elements-holder-item mkd-horizontal-alignment-center\"  style=\"background-image: url(https:\/\/www.ataraina.eu\/wp-content\/uploads\/2020\/08\/Sin-t\u00edtulo-1cc.jpg)\">\n\t<div class=\"mkd-elements-holder-item-inner\">\n\t\t<div class=\"mkd-elements-holder-item-content mkd-elements-holder-custom-361286\" style=\"padding: 0 0 0 0\">\n\t\t\t\t\t\t\t<style type=\"text\/css\" data-type=\"mkd-elements-custom-padding\" scoped>\n                                        @media only screen and (min-width: 1280px) and (max-width: 1440px) {\n                        .mkd-elements-holder .mkd-elements-holder-item-content.mkd-elements-holder-custom-361286 {\n                            padding: 0 0 0 0 !important;\n                        }\n                    }\n\n                                        \t\t\t\t\t@media only screen and (min-width: 1024px) and (max-width: 1280px) {\n\t\t\t\t\t\t.mkd-elements-holder .mkd-elements-holder-item-content.mkd-elements-holder-custom-361286 {\n\t\t\t\t\t\t\tpadding: 0 0 0 0 !important;\n\t\t\t\t\t\t}\n\t\t\t\t\t}\n\n\t\t\t\t\t\t\t\t\t\t\t\t\t\t\t@media only screen and (min-width: 768px) and (max-width: 1024px) {\n\t\t\t\t\t\t.mkd-elements-holder .mkd-elements-holder-item-content.mkd-elements-holder-custom-361286 {\n\t\t\t\t\t\t\tpadding: 0 0 0 0 !important;\n\t\t\t\t\t\t}\n\t\t\t\t\t}\n\n\t\t\t\t\t\t\t\t\t\t\t\t\t\t\t@media only screen and (min-width: 600px) and (max-width: 768px) {\n\t\t\t\t\t\t.mkd-elements-holder .mkd-elements-holder-item-content.mkd-elements-holder-custom-361286 {\n\t\t\t\t\t\t\tpadding: 26% 0 26% 0 !important;\n\t\t\t\t\t\t}\n\t\t\t\t\t}\n\n\t\t\t\t\t\t\t\t\t\t\t\t\t\t\t@media only screen and (min-width: 480px) and (max-width: 600px) {\n\t\t\t\t\t\t.mkd-elements-holder .mkd-elements-holder-item-content.mkd-elements-holder-custom-361286 {\n\t\t\t\t\t\t\tpadding: 22% 0 22% 0 !important;\n\t\t\t\t\t\t}\n\t\t\t\t\t}\n\n\t\t\t\t\t\t\t\t\t\t\t\t\t\t\t@media only screen and (max-width: 480px) {\n\t\t\t\t\t\t.mkd-elements-holder .mkd-elements-holder-item-content.mkd-elements-holder-custom-361286 {\n\t\t\t\t\t\t\tpadding: 22% 0 22% 0 !important;\n\t\t\t\t\t\t}\n\t\t\t\t\t}\n\n\t\t\t\t\t\t\t\t\t<\/style>\n\t\t\t\t\t\t\n<div class=\"mkd-video-button mkd-light\">\n\t<a class=\"mkd-video-button-play\" href=\"https:\/\/www.youtube.com\/watch?v=Ox5YqPHYTtI\" data-rel=\"prettyPhoto\" >\n\t\t<span class=\"mkd-video-button-wrapper\">\n\t\t\t<i class=\"fa fa-play\" aria-hidden=\"true\"><\/i>\n\t\t<\/span>\n\t<\/a>\n\t<\/div>\t\t<\/div>\n\t<\/div>\n<\/div><\/div>[\/vc_column][\/vc_row][vc_row css=\u00bb.vc_custom_1598892450546{margin-bottom: 60px !important;}\u00bb][vc_column][vc_single_image image=\u00bb11978&#8243; img_size=\u00bbfull\u00bb alignment=\u00bbcenter\u00bb css=\u00bb.vc_custom_1603290456060{margin-top: 30px !important;margin-bottom: 30px !important;}\u00bb][vc_single_image image=\u00bb11983&#8243; img_size=\u00bbfull\u00bb alignment=\u00bbcenter\u00bb][\/vc_column][\/vc_row][vc_row content_aligment=\u00bbcenter\u00bb css=\u00bb.vc_custom_1599218006072{margin-top: 80px !important;margin-bottom: 80px !important;}\u00bb][vc_column][vc_column_text css=\u00bb.vc_custom_1599217888848{margin-bottom: 20px !important;}\u00bb]<\/p>\n<p style=\"text-align: center;\">Download PDF<\/p>\n<p>[\/vc_column_text]<a href=\"https:\/\/drive.google.com\/file\/d\/1bvRHO3ltfmzAkEcKuGNhIN58y5yYoNVj\/view?usp=sharing\" target=\"_self\"  class=\"mkd-btn mkd-btn-medium mkd-btn-solid mkd-btn-hover-outline\"  >\n\t<span class=\"mkd-btn-text\">View PDF<\/span>\n\t\t\n\t\t\t<span class=\"mkd-btn-helper\" ><\/span>\n\t<\/a>[\/vc_column][\/vc_row]<\/p>\n","protected":false},"excerpt":{"rendered":"<p>[vc_row][vc_column][\/vc_column][\/vc_row][vc_row content_width=\u00bbgrid\u00bb content_aligment=\u00bbcenter\u00bb css=\u00bb.vc_custom_1598725860994{margin-top: 80px !important;margin-bottom: 80px !important;padding-top: 80px !important;padding-bottom: 80px !important;background-color: #f7f7f7 !important;}\u00bb][vc_column][vc_column_text] EL PRIMER PURIFICADOR DE AIRE VOLADOR DEL MUNDO Un ligero dron de limpieza de aire que recoge polvo y polen mientras vuela de forma segura dentro de su hogar. [\/vc_column_text][\/vc_column][\/vc_row][vc_row][vc_column][vc_single_image image=\u00bb11968&#8243;&#8230;<\/p>\n","protected":false},"author":1,"featured_media":0,"parent":0,"menu_order":0,"comment_status":"closed","ping_status":"closed","template":"full-width.php","meta":[],"yoast_head":"<!-- This site is optimized with the Yoast SEO plugin v19.4 - https:\/\/yoast.com\/wordpress\/plugins\/seo\/ -->\n<title>Flying Magic Cleaner - ataraina<\/title>\n<meta name=\"description\" content=\"Flying Magic Cleaner is THE WORLD\u2019S FIRST FLYING AIR PURIFIER. A lightweight air cleaning drone that collects dust and pollen while flying safely inside your home.\" \/>\n<meta name=\"robots\" content=\"index, follow, max-snippet:-1, max-image-preview:large, max-video-preview:-1\" \/>\n<link rel=\"canonical\" href=\"https:\/\/www.ataraina.eu\/es\/flying-magic-cleaner\/\" \/>\n<meta property=\"og:locale\" content=\"es_ES\" \/>\n<meta property=\"og:type\" content=\"article\" \/>\n<meta property=\"og:title\" content=\"Flying Magic Cleaner - ataraina\" \/>\n<meta property=\"og:description\" content=\"Flying Magic Cleaner is THE WORLD\u2019S FIRST FLYING AIR PURIFIER. A lightweight air cleaning drone that collects dust and pollen while flying safely inside your home.\" \/>\n<meta property=\"og:url\" content=\"https:\/\/www.ataraina.eu\/es\/flying-magic-cleaner\/\" \/>\n<meta property=\"og:site_name\" content=\"ataraina\" \/>\n<meta property=\"article:modified_time\" content=\"2020-11-06T11:13:25+00:00\" \/>\n<meta name=\"twitter:card\" content=\"summary_large_image\" \/>\n<meta name=\"twitter:label1\" content=\"Tiempo de lectura\" \/>\n\t<meta name=\"twitter:data1\" content=\"2 minutos\" \/>\n<script type=\"application\/ld+json\" class=\"yoast-schema-graph\">{\"@context\":\"https:\/\/schema.org\",\"@graph\":[{\"@type\":\"WebSite\",\"@id\":\"https:\/\/www.ataraina.eu\/#website\",\"url\":\"https:\/\/www.ataraina.eu\/\",\"name\":\"ataraina\",\"description\":\"Technology fot a better life\",\"potentialAction\":[{\"@type\":\"SearchAction\",\"target\":{\"@type\":\"EntryPoint\",\"urlTemplate\":\"https:\/\/www.ataraina.eu\/?s={search_term_string}\"},\"query-input\":\"required name=search_term_string\"}],\"inLanguage\":\"es\"},{\"@type\":\"WebPage\",\"@id\":\"https:\/\/www.ataraina.eu\/es\/flying-magic-cleaner\/\",\"url\":\"https:\/\/www.ataraina.eu\/es\/flying-magic-cleaner\/\",\"name\":\"Flying Magic Cleaner - ataraina\",\"isPartOf\":{\"@id\":\"https:\/\/www.ataraina.eu\/#website\"},\"datePublished\":\"2020-08-28T12:12:36+00:00\",\"dateModified\":\"2020-11-06T11:13:25+00:00\",\"description\":\"Flying Magic Cleaner is THE WORLD\u2019S FIRST FLYING AIR PURIFIER. A lightweight air cleaning drone that collects dust and pollen while flying safely inside your home.\",\"breadcrumb\":{\"@id\":\"https:\/\/www.ataraina.eu\/es\/flying-magic-cleaner\/#breadcrumb\"},\"inLanguage\":\"es\",\"potentialAction\":[{\"@type\":\"ReadAction\",\"target\":[\"https:\/\/www.ataraina.eu\/es\/flying-magic-cleaner\/\"]}]},{\"@type\":\"BreadcrumbList\",\"@id\":\"https:\/\/www.ataraina.eu\/es\/flying-magic-cleaner\/#breadcrumb\",\"itemListElement\":[{\"@type\":\"ListItem\",\"position\":1,\"name\":\"Home\",\"item\":\"https:\/\/www.ataraina.eu\/es\/\"},{\"@type\":\"ListItem\",\"position\":2,\"name\":\"Flying Magic Cleaner\"}]}]}<\/script>\n<!-- \/ Yoast SEO plugin. -->","yoast_head_json":{"title":"Flying Magic Cleaner - ataraina","description":"Flying Magic Cleaner is THE WORLD\u2019S FIRST FLYING AIR PURIFIER. A lightweight air cleaning drone that collects dust and pollen while flying safely inside your home.","robots":{"index":"index","follow":"follow","max-snippet":"max-snippet:-1","max-image-preview":"max-image-preview:large","max-video-preview":"max-video-preview:-1"},"canonical":"https:\/\/www.ataraina.eu\/es\/flying-magic-cleaner\/","og_locale":"es_ES","og_type":"article","og_title":"Flying Magic Cleaner - ataraina","og_description":"Flying Magic Cleaner is THE WORLD\u2019S FIRST FLYING AIR PURIFIER. A lightweight air cleaning drone that collects dust and pollen while flying safely inside your home.","og_url":"https:\/\/www.ataraina.eu\/es\/flying-magic-cleaner\/","og_site_name":"ataraina","article_modified_time":"2020-11-06T11:13:25+00:00","twitter_card":"summary_large_image","twitter_misc":{"Tiempo de lectura":"2 minutos"},"schema":{"@context":"https:\/\/schema.org","@graph":[{"@type":"WebSite","@id":"https:\/\/www.ataraina.eu\/#website","url":"https:\/\/www.ataraina.eu\/","name":"ataraina","description":"Technology fot a better life","potentialAction":[{"@type":"SearchAction","target":{"@type":"EntryPoint","urlTemplate":"https:\/\/www.ataraina.eu\/?s={search_term_string}"},"query-input":"required name=search_term_string"}],"inLanguage":"es"},{"@type":"WebPage","@id":"https:\/\/www.ataraina.eu\/es\/flying-magic-cleaner\/","url":"https:\/\/www.ataraina.eu\/es\/flying-magic-cleaner\/","name":"Flying Magic Cleaner - ataraina","isPartOf":{"@id":"https:\/\/www.ataraina.eu\/#website"},"datePublished":"2020-08-28T12:12:36+00:00","dateModified":"2020-11-06T11:13:25+00:00","description":"Flying Magic Cleaner is THE WORLD\u2019S FIRST FLYING AIR PURIFIER. A lightweight air cleaning drone that collects dust and pollen while flying safely inside your home.","breadcrumb":{"@id":"https:\/\/www.ataraina.eu\/es\/flying-magic-cleaner\/#breadcrumb"},"inLanguage":"es","potentialAction":[{"@type":"ReadAction","target":["https:\/\/www.ataraina.eu\/es\/flying-magic-cleaner\/"]}]},{"@type":"BreadcrumbList","@id":"https:\/\/www.ataraina.eu\/es\/flying-magic-cleaner\/#breadcrumb","itemListElement":[{"@type":"ListItem","position":1,"name":"Home","item":"https:\/\/www.ataraina.eu\/es\/"},{"@type":"ListItem","position":2,"name":"Flying Magic Cleaner"}]}]}},"_links":{"self":[{"href":"https:\/\/www.ataraina.eu\/es\/wp-json\/wp\/v2\/pages\/11955"}],"collection":[{"href":"https:\/\/www.ataraina.eu\/es\/wp-json\/wp\/v2\/pages"}],"about":[{"href":"https:\/\/www.ataraina.eu\/es\/wp-json\/wp\/v2\/types\/page"}],"author":[{"embeddable":true,"href":"https:\/\/www.ataraina.eu\/es\/wp-json\/wp\/v2\/users\/1"}],"replies":[{"embeddable":true,"href":"https:\/\/www.ataraina.eu\/es\/wp-json\/wp\/v2\/comments?post=11955"}],"version-history":[{"count":4,"href":"https:\/\/www.ataraina.eu\/es\/wp-json\/wp\/v2\/pages\/11955\/revisions"}],"predecessor-version":[{"id":12432,"href":"https:\/\/www.ataraina.eu\/es\/wp-json\/wp\/v2\/pages\/11955\/revisions\/12432"}],"wp:attachment":[{"href":"https:\/\/www.ataraina.eu\/es\/wp-json\/wp\/v2\/media?parent=11955"}],"curies":[{"name":"wp","href":"https:\/\/api.w.org\/{rel}","templated":true}]}}