{"id":13232,"date":"2020-09-02T18:23:35","date_gmt":"2020-09-02T16:23:35","guid":{"rendered":"https:\/\/www.ataraina.eu\/aboutus\/"},"modified":"2021-05-06T11:34:37","modified_gmt":"2021-05-06T09:34:37","slug":"aboutus","status":"publish","type":"page","link":"https:\/\/www.ataraina.eu\/de\/aboutus\/","title":{"rendered":"About us"},"content":{"rendered":"<p>[vc_row][vc_column]\n\t\t\t<!-- START Creative Studio REVOLUTION SLIDER 6.1.3 --><p class=\"rs-p-wp-fix\"><\/p>\n\t\t\t<rs-module-wrap id=\"rev_slider_2_1_wrapper\" data-source=\"gallery\" style=\"background:transparent;padding:0;\">\n\t\t\t\t<rs-module id=\"rev_slider_2_1\" style=\"display:none;\" data-version=\"6.1.3\">\n\t\t\t\t\t<rs-slides>\n\t\t\t\t\t\t<rs-slide data-key=\"rs-3\" data-title=\"Slide\" data-duration=\"4000\" data-anim=\"ei:d;eo:d;s:d;r:0;t:fade;sl:d;\" data-mediafilter=\"aden\">\n\t\t\t\t\t\t\t<img src=\"\/\/www.ataraina.eu\/wp-content\/uploads\/2020\/08\/pixta_17299708_L.jpg\" alt=\"lavender\" title=\"pixta_17299708_L\" width=\"2112\" height=\"1409\" data-parallax=\"7\" class=\"rev-slidebg\" data-no-retina>\n<!--\n\t\t\t\t\t\t\t--><rs-layer\n\t\t\t\t\t\t\t\tid=\"slider-2-slide-3-layer-2\" \n\t\t\t\t\t\t\t\tdata-type=\"text\"\n\t\t\t\t\t\t\t\tdata-color=\"#00821c||rgba(119,119,119,1)||rgba(119,119,119,1)||#000000\"\n\t\t\t\t\t\t\t\tdata-rsp_ch=\"on\"\n\t\t\t\t\t\t\t\tdata-xy=\"x:c,c,l,c;xo:-234px,-154px,55px,10px;y:m,m,t,m;yo:-85px,35px,160px,-96px;\"\n\t\t\t\t\t\t\t\tdata-text=\"w:normal;s:40,20,20,15;l:40,34,34,21;a:inherit;\"\n\t\t\t\t\t\t\t\tdata-dim=\"w:658px,493px,500px,264px;h:auto,71px,69px,auto;\"\n\t\t\t\t\t\t\t\tdata-basealign=\"slide\"\n\t\t\t\t\t\t\t\tdata-frame_0=\"sX:0.8;sY:0.8;\"\n\t\t\t\t\t\t\t\tdata-frame_1=\"e:Power4.easeOut;st:280;sp:1000;sR:280;\"\n\t\t\t\t\t\t\t\tdata-frame_999=\"x:-50px,-50px,-50px,-34px;o:0;tp:600;e:nothing;st:w;sR:2720;\"\n\t\t\t\t\t\t\t\tstyle=\"z-index:9;font-family:Open Sans;\"\n\t\t\t\t\t\t\t>TECHNOLOGY FOR A BETTER LIFE \n\t\t\t\t\t\t\t<\/rs-layer><!--\n\n\t\t\t\t\t\t\t--><rs-layer\n\t\t\t\t\t\t\t\tid=\"slider-2-slide-3-layer-6\" \n\t\t\t\t\t\t\t\tclass=\"rs-pxl-5\"\n\t\t\t\t\t\t\t\tdata-type=\"image\"\n\t\t\t\t\t\t\t\tdata-rsp_ch=\"on\"\n\t\t\t\t\t\t\t\tdata-xy=\"x:c,c,r,c;xo:342px,207px,10px,65px;y:m,m,t,m;yo:27px,20px,370px,129px;\"\n\t\t\t\t\t\t\t\tdata-text=\"l:22;a:inherit;\"\n\t\t\t\t\t\t\t\tdata-dim=\"w:1000px,388px,363px,600px;h:667px,601px,562px,400px;\"\n\t\t\t\t\t\t\t\tdata-basealign=\"slide\"\n\t\t\t\t\t\t\t\tdata-frame_0=\"x:50px;tp:600;\"\n\t\t\t\t\t\t\t\tdata-frame_1=\"tp:600;e:Power2.easeInOut;st:840;sp:700;sR:840;\"\n\t\t\t\t\t\t\t\tdata-frame_999=\"o:0;tp:600;e:nothing;st:w;sR:2460;\"\n\t\t\t\t\t\t\t\tstyle=\"z-index:8;font-family:Roboto;\"\n\t\t\t\t\t\t\t><img src=\"\/\/www.ataraina.eu\/wp-content\/uploads\/2020\/08\/CHICA-TRANSPARENTE.png\" width=\"2362\" height=\"1575\" data-no-retina> \n\t\t\t\t\t\t\t<\/rs-layer><!--\n\n\t\t\t\t\t\t\t--><rs-layer\n\t\t\t\t\t\t\t\tid=\"slider-2-slide-3-layer-17\" \n\t\t\t\t\t\t\t\tdata-type=\"image\"\n\t\t\t\t\t\t\t\tdata-rsp_ch=\"on\"\n\t\t\t\t\t\t\t\tdata-xy=\"xo:2px,1px,0,2px;yo:9px,5px,3px,1px;\"\n\t\t\t\t\t\t\t\tdata-text=\"w:normal;s:20,12,9,4;l:0,15,11,6;\"\n\t\t\t\t\t\t\t\tdata-dim=\"w:800px,492px,369px,300px;h:322px,198px,148px,121px;\"\n\t\t\t\t\t\t\t\tdata-frame_0=\"sX:0.8;sY:0.8;\"\n\t\t\t\t\t\t\t\tdata-frame_1=\"e:Power4.easeOut;st:290;sp:1000;sR:290;\"\n\t\t\t\t\t\t\t\tdata-frame_999=\"o:0;st:w;sR:2710;\"\n\t\t\t\t\t\t\t\tstyle=\"z-index:5;font-family:Roboto;\"\n\t\t\t\t\t\t\t><img src=\"\/\/www.ataraina.eu\/wp-content\/uploads\/2020\/08\/LOGO-ATARAINA-OFICIAL.png\" alt=\"ataraina\" width=\"2634\" height=\"1060\" data-no-retina> \n\t\t\t\t\t\t\t<\/rs-layer><!--\n-->\t\t\t\t\t\t<\/rs-slide>\n\t\t\t\t\t<\/rs-slides>\n\t\t\t\t\t<rs-progress class=\"rs-bottom\" style=\"visibility: hidden !important;\"><\/rs-progress>\n\t\t\t\t<\/rs-module>\n\t\t\t\t<script type=\"text\/javascript\">\n\t\t\t\t\tsetREVStartSize({c: 'rev_slider_2_1',rl:[1240,1024,778,480],el:[700,600,860,400],gw:[1300,800,600,300],gh:[700,600,860,400],layout:'fullscreen',offsetContainer:'.touch .mkd-page-header',offset:'',mh:\"0\"});\n\t\t\t\t\tvar\trevapi2,\n\t\t\t\t\t\ttpj;\n\t\t\t\t\tjQuery(function() {\n\t\t\t\t\t\ttpj = jQuery;\n\t\t\t\t\t\tif(tpj(\"#rev_slider_2_1\").revolution == undefined){\n\t\t\t\t\t\t\trevslider_showDoubleJqueryError(\"#rev_slider_2_1\");\n\t\t\t\t\t\t}else{\n\t\t\t\t\t\t\trevapi2 = tpj(\"#rev_slider_2_1\").show().revolution({\n\t\t\t\t\t\t\t\tjsFileLocation:\"\/\/www.ataraina.eu\/wp-content\/plugins\/revslider\/public\/assets\/js\/\",\n\t\t\t\t\t\t\t\tsliderLayout:\"fullscreen\",\n\t\t\t\t\t\t\t\tduration:4000,\n\t\t\t\t\t\t\t\tvisibilityLevels:\"1240,1024,778,480\",\n\t\t\t\t\t\t\t\tgridwidth:\"1300,800,600,300\",\n\t\t\t\t\t\t\t\tgridheight:\"700,600,860,400\",\n\t\t\t\t\t\t\t\tminHeight:\"\",\n\t\t\t\t\t\t\t\teditorheight:\"700,600,860,400\",\n\t\t\t\t\t\t\t\tresponsiveLevels:\"1240,1024,778,480\",\n\t\t\t\t\t\t\t\tfullScreenOffsetContainer:\".touch .mkd-page-header\",\n\t\t\t\t\t\t\t\tdisableProgressBar:\"on\",\n\t\t\t\t\t\t\t\tnavigation: {\n\t\t\t\t\t\t\t\t\tonHoverStop:false\n\t\t\t\t\t\t\t\t},\n\t\t\t\t\t\t\t\tparallax: {\n\t\t\t\t\t\t\t\t\tlevels:[5,10,15,20,25,30,35,40,45,46,47,48,49,50,51,55],\n\t\t\t\t\t\t\t\t\ttype:\"scroll\"\n\t\t\t\t\t\t\t\t},\n\t\t\t\t\t\t\t\tfallbacks: {\n\t\t\t\t\t\t\t\t\tallowHTML5AutoPlayOnAndroid:true\n\t\t\t\t\t\t\t\t},\n\t\t\t\t\t\t\t});\n\t\t\t\t\t\t}\n\t\t\t\t\t\t\n\t\t\t\t\t});\n\t\t\t\t<\/script>\n\t\t\t<\/rs-module-wrap>\n\t\t\t<!-- END REVOLUTION SLIDER -->\n[\/vc_column][\/vc_row][vc_row css=&#8220;.vc_custom_1602156688202{margin-top: 30px !important;margin-right: 10px !important;margin-left: 10px !important;padding-top: 30px !important;padding-bottom: 30px !important;background-color: #f7f7f7 !important;}&#8220;][vc_column][vc_column_text]<\/p>\n<div class=\"mkd-section-title-holder\">\n<h2 class=\"mkd-section-title\" style=\"text-align: center;\"><strong><span style=\"color: #000000;\">\u00a0UNSERE MARKE<\/span><\/strong><\/h2>\n<\/div>\n<div class=\"wpb_text_column wpb_content_element \">\n<div class=\"wpb_wrapper\">\n<p style=\"text-align: center;\"><strong>Das Konzept von ataraina basiert auf der Idee\u201ewie sch\u00f6n, wenn es das g\u00e4be!\u201d.<\/strong><br \/>\n<strong>Um diesen Wunsch zu verwirklichen, haben wir vier praktische Produkte entwickelt. <\/strong><\/p>\n<\/div>\n<\/div>\n<p>[\/vc_column_text][\/vc_column][\/vc_row][vc_row content_aligment=&#8220;center&#8220;][vc_column][vc_single_image image=&#8220;10397&#8243; img_size=&#8220;medium&#8220; alignment=&#8220;center&#8220; css_animation=&#8220;slideInUp&#8220;][\/vc_column][\/vc_row][vc_row css=&#8220;.vc_custom_1602155045337{margin-right: 10px !important;margin-left: 10px !important;}&#8220;][vc_column][vc_column_text]<\/p>\n<p style=\"text-align: center;\">Die Marke ataraina entstand im Oktober 2016. Der Name selbst hat seine Wurzeln in einem japanischen Wortspiel und bedeutet \u00fcbersetzt so viel wie \u201ewie sch\u00f6n, wenn es das g\u00e4be\u201c.<\/p>\n<p style=\"text-align: center;\">Mit unserer Marke m\u00f6chten wir den Menschen das Know-How von Creative Technology Corporation aus der Halbleiterbranche n\u00e4herbringen.<\/p>\n<p style=\"text-align: center;\">Angespornt von dem Traum von einem komfortableren Alltag haben wir Tag und Nacht mit Forschung verbracht, optimale Ergebnisse f\u00fcr unsere Produkte gesammelt und Artikel mit den besten Endresultaten gefertigt.<\/p>\n<p style=\"text-align: center;\">Unser Zukunftsziel ist ein ataraina-Produkt in jedem Haushalt.<\/p>\n<p>&nbsp;<\/p>\n<p>[\/vc_column_text][\/vc_column][\/vc_row][vc_row css=&#8220;.vc_custom_1602156297072{margin-top: 60px !important;margin-right: 10px !important;margin-left: 10px !important;background-color: #f7f7f7 !important;}&#8220;][vc_column css=&#8220;.vc_custom_1602156575532{margin-bottom: 20px !important;}&#8220;][vc_column_text]<\/p>\n<h2 style=\"text-align: center;\">UNSERE FIRMA<\/h2>\n<p style=\"text-align: center;\">Message vom CEO von Creative Technology Corporation<\/p>\n<p>[\/vc_column_text][\/vc_column][\/vc_row][vc_row css=&#8220;.vc_custom_1602156264297{margin-right: 10px !important;margin-left: 10px !important;background-color: #f7f7f7 !important;}&#8220;][vc_column width=&#8220;1\/2&#8243; css=&#8220;.vc_custom_1602157155309{margin-left: 10px !important;}&#8220;][vc_column_text css=&#8220;.vc_custom_1620293329050{margin-top: 50px !important;margin-bottom: 30px !important;}&#8220;]\u201eHallo, mein Name ist Yoshiaki Tatsumi und ich m\u00f6chte Sie gerne mitnehmen in die<br \/>\nWelt von Creative Technology und unserer Marke \u201eataraina\u201c.<br \/>\nUnsere Firma wurde 1985 mit dem Headquarter in der japanischen Stadt Kawasaki<br \/>\ngegr\u00fcndet.[\/vc_column_text][\/vc_column][vc_column width=&#8220;1\/2&#8243;][vc_single_image image=&#8220;12705&#8243; img_size=&#8220;large&#8220; alignment=&#8220;center&#8220; css_animation=&#8220;right-to-left&#8220;][\/vc_column][\/vc_row][vc_row css=&#8220;.vc_custom_1602155073733{margin-right: 10px !important;margin-left: 10px !important;background-color: #f7f7f7 !important;background-position: center !important;background-repeat: no-repeat !important;background-size: cover !important;}&#8220;][vc_column width=&#8220;1\/2&#8243;][vc_single_image image=&#8220;11600&#8243; img_size=&#8220;full&#8220; alignment=&#8220;center&#8220; css_animation=&#8220;left-to-right&#8220; css=&#8220;.vc_custom_1602147430607{margin-top: 20px !important;}&#8220;][\/vc_column][vc_column width=&#8220;1\/2&#8243; css=&#8220;.vc_custom_1602154172676{margin-top: 40px !important;margin-right: 10px !important;}&#8220;][vc_column_text css=&#8220;.vc_custom_1620293355354{margin-top: 20px !important;margin-right: 10px !important;}&#8220;]Im Laufe der Jahre haben wir Niederlassungen in S\u00fcdkorea, China, Taiwan, Amerika und Singapur gegr\u00fcndet.<br \/>\nIn diesem Jahr betreten wir den europ\u00e4ischen Markt und befinden uns derzeit mitten im Gr\u00fcndungsprozess unserer Tochtergesellschaft in M\u00fcnchen.<br \/>\nSeit mehr als 30 Jahren sind wir nun eines der f\u00fchrenden Unternehmen im Bereich der Einzelteilproduktion f\u00fcr Halbleiteranlagen und beraten wichtige<br \/>\nPartnerunternehmen aus der Halbleiterindustrie weltweit bei der Fertigung noch kleinerer und schnellerer Elektronikger\u00e4te.[\/vc_column_text][\/vc_column][\/vc_row][vc_row css=&#8220;.vc_custom_1602145421858{margin-top: 30px !important;}&#8220;][vc_column][vc_single_image image=&#8220;11621&#8243; img_size=&#8220;full&#8220; alignment=&#8220;center&#8220;][\/vc_column][\/vc_row][vc_row css=&#8220;.vc_custom_1602155086588{margin-top: 30px !important;margin-right: 10px !important;margin-left: 10px !important;background-color: #f7f7f7 !important;background-position: center !important;background-repeat: no-repeat !important;background-size: cover !important;}&#8220;][vc_column width=&#8220;1\/2&#8243; css=&#8220;.vc_custom_1602157082529{margin-top: 60px !important;margin-left: 10px !important;}&#8220;][vc_column_text css=&#8220;.vc_custom_1620293629138{margin-bottom: 20px !important;}&#8220;]F\u00fcr diejenigen, die mit der Herstellung elektronischer Ger\u00e4te nicht vertraut sind, kommt hier eine kurze Einf\u00fchrung. In meiner einen Hand halte ich einen sogenannten Silizium-Wafer. Und in meiner anderen Hand halte ich einen Wafer, auf dem IC-Chips gefertigt wurden.<br \/>\nF\u00fcr den Herstellungsprozess, in dem Schaltkreismuster auf der Oberseite des Wafers aufgebracht werden, haben wir einen Weg gefunden, den Wafer nur an<br \/>\nseiner R\u00fcckseite festzuhalten. Dies haben wir durch die k\u00fcnstliche Erzeugung von elektrostatischer Anziehungskraft erreicht[\/vc_column_text][\/vc_column][vc_column width=&#8220;1\/2&#8243;][vc_single_image image=&#8220;11659&#8243; img_size=&#8220;full&#8220; alignment=&#8220;center&#8220;][\/vc_column][\/vc_row][vc_row css=&#8220;.vc_custom_1602155093972{margin-top: 30px !important;margin-right: 10px !important;margin-left: 10px !important;background-position: center !important;background-repeat: no-repeat !important;background-size: cover !important;}&#8220;][vc_column width=&#8220;1\/2&#8243;][vc_column_text css=&#8220;.vc_custom_1620293637208{margin-top: 50px !important;margin-bottom: 20px !important;margin-left: 10px !important;}&#8220;]\u00dcber die Jahre haben wir diese einzigartige Technik weiterentwickelt und perfektioniert, die unverzichtbar ist f\u00fcr die Herstellung von Prozessorchips und Smartphone-Displays im Nanometerbereich, die in zahlreichen Elektronikger\u00e4ten, die Sie heute nutzen, eingesetzt werden.<br \/>\nWir freuen uns, eben diese innovative Technologie nun auch dem Verbrauchermarkt bereitstellen zu k\u00f6nnen und sie zur Erleichterung Ihres t\u00e4glichen Lebens zu Ihnen nachhause zu bringen.[\/vc_column_text][\/vc_column][vc_column width=&#8220;1\/2&#8243;][vc_single_image image=&#8220;11605&#8243; img_size=&#8220;large&#8220; alignment=&#8220;center&#8220; css_animation=&#8220;right-to-left&#8220;][\/vc_column][\/vc_row][vc_row css=&#8220;.vc_custom_1602155101197{margin-right: 10px !important;margin-left: 10px !important;background-color: #f7f7f7 !important;background-position: center !important;background-repeat: no-repeat !important;background-size: cover !important;}&#8220;][vc_column width=&#8220;1\/2&#8243; css=&#8220;.vc_custom_1602157244839{margin-right: 30px !important;margin-left: 10px !important;}&#8220;][vc_column_text css=&#8220;.vc_custom_1620293428543{margin-top: 60px !important;margin-right: 10px !important;margin-bottom: 20px !important;}&#8220;]<\/p>\n<h4>Wir pr\u00e4sentieren: ataraina!<\/h4>\n<p>Das folgende Video nimmt Sie mit auf eine kurze Reise in die Welt von Creative Technology und \u201eataraina\u201d. Wir pr\u00e4sentieren Ihnen die grenzenlosen M\u00f6glichkeiten k\u00fcnstlicher elektrostatischer Technologie und wie diese Ihren Alltag verbessern kann.[\/vc_column_text][\/vc_column][vc_column width=&#8220;1\/2&#8243;][vc_single_image image=&#8220;11590&#8243; img_size=&#8220;full&#8220; alignment=&#8220;center&#8220; css_animation=&#8220;top-to-bottom&#8220;][\/vc_column][\/vc_row][vc_row css=&#8220;.vc_custom_1602148433546{margin-top: 30px !important;}&#8220;][vc_column][vc_column_text]<\/p>\n<h2 style=\"text-align: center;\">ataraina x KABUKI theater<\/h2>\n<p>[\/vc_column_text][\/vc_column][\/vc_row][vc_row][vc_column][vc_video link=&#8220;https:\/\/www.youtube.com\/watch?v=debD1rOE35c&amp;feature=emb_logo&#8220; el_width=&#8220;70&#8243; align=&#8220;center&#8220; css_animation=&#8220;left-to-right&#8220; css=&#8220;.vc_custom_1602150565387{margin-top: 30px !important;margin-bottom: 30px !important;}&#8220;][\/vc_column][\/vc_row][vc_row css=&#8220;.vc_custom_1602157561886{margin-right: 10px !important;margin-left: 10px !important;background-color: #f7f7f7 !important;background-position: center !important;background-repeat: no-repeat !important;background-size: cover !important;}&#8220;][vc_column width=&#8220;1\/2&#8243; css=&#8220;.vc_custom_1602157574394{margin-top: 30px !important;margin-bottom: 30px !important;}&#8220;][vc_single_image image=&#8220;11540&#8243; img_size=&#8220;full&#8220; alignment=&#8220;center&#8220; css_animation=&#8220;top-to-bottom&#8220;][\/vc_column][vc_column width=&#8220;1\/2&#8243; css=&#8220;.vc_custom_1602153450206{margin-top: 50px !important;margin-left: 10px !important;}&#8220;][vc_column_text css=&#8220;.vc_custom_1620293656252{margin-right: 10px !important;margin-bottom: 30px !important;}&#8220;]<\/p>\n<p style=\"text-align: left;\">Unser Ziel ist es, das allt\u00e4gliche Leben von heute und morgen nicht nur zu verbessern, sondern dar\u00fcber hinaus mit Hilfe unserer Technologie zu einem verantwortungsvolleren Umgang mit den Ressourcen unseres Planeten beizutragen. Wir sind stolz darauf, anderen durch die Weitergabe unserer innovativen k\u00fcnstlichen elektrostatischen Technologie beim Erreichen der Sustainable Development Goals zum Wohle der Allgemeinheit zu helfen.<\/p>\n<p style=\"text-align: left;\">Herzlichen Dank, dass Sie mit dabei sind.<\/p>\n<p style=\"text-align: left;\">Yoshiaki Tatsumi<\/p>\n<p style=\"text-align: left;\">CEO von Creative Technology Corporation<\/p>\n<p style=\"text-align: left;\">5. September 2020<\/p>\n<p>[\/vc_column_text][\/vc_column][\/vc_row]<\/p>\n","protected":false},"excerpt":{"rendered":"<p>[vc_row][vc_column][\/vc_column][\/vc_row][vc_row css=&#8220;.vc_custom_1602156688202{margin-top: 30px !important;margin-right: 10px !important;margin-left: 10px !important;padding-top: 30px !important;padding-bottom: 30px !important;background-color: #f7f7f7 !important;}&#8220;][vc_column][vc_column_text] \u00a0UNSERE MARKE Das Konzept von ataraina basiert auf der Idee\u201ewie sch\u00f6n, wenn es das g\u00e4be!\u201d. Um diesen Wunsch zu verwirklichen, haben wir vier praktische Produkte entwickelt. [\/vc_column_text][\/vc_column][\/vc_row][vc_row content_aligment=&#8220;center&#8220;][vc_column][vc_single_image image=&#8220;10397&#8243; img_size=&#8220;medium&#8220; alignment=&#8220;center&#8220;&#8230;<\/p>\n","protected":false},"author":1,"featured_media":0,"parent":0,"menu_order":0,"comment_status":"closed","ping_status":"closed","template":"full-width.php","meta":[],"yoast_head":"<!-- This site is optimized with the Yoast SEO plugin v19.4 - https:\/\/yoast.com\/wordpress\/plugins\/seo\/ -->\n<title>About us - ataraina<\/title>\n<meta name=\"description\" content=\"In October 2016, the ataraina brand was created. The meaning of the word ataraina in Japanese is \u201cit would be good if it existed\u201d.We embraced the idea of wanting people to feel close to the know-how of Creative Technology Co. in the semiconductor field.With a dream of making a more comfortable world, we carried out research day and night, collectingthe optimal results to create and sell the article with the best end results.Our goal is that in the future everybody has an ataraina product in their home.\" \/>\n<meta name=\"robots\" content=\"index, follow, max-snippet:-1, max-image-preview:large, max-video-preview:-1\" \/>\n<link rel=\"canonical\" href=\"https:\/\/www.ataraina.eu\/de\/aboutus\/\" \/>\n<meta property=\"og:locale\" content=\"de_DE\" \/>\n<meta property=\"og:type\" content=\"article\" \/>\n<meta property=\"og:title\" content=\"About us - ataraina\" \/>\n<meta property=\"og:description\" content=\"In October 2016, the ataraina brand was created. The meaning of the word ataraina in Japanese is \u201cit would be good if it existed\u201d.We embraced the idea of wanting people to feel close to the know-how of Creative Technology Co. in the semiconductor field.With a dream of making a more comfortable world, we carried out research day and night, collectingthe optimal results to create and sell the article with the best end results.Our goal is that in the future everybody has an ataraina product in their home.\" \/>\n<meta property=\"og:url\" content=\"https:\/\/www.ataraina.eu\/de\/aboutus\/\" \/>\n<meta property=\"og:site_name\" content=\"ataraina\" \/>\n<meta property=\"article:modified_time\" content=\"2021-05-06T09:34:37+00:00\" \/>\n<meta name=\"twitter:card\" content=\"summary_large_image\" \/>\n<meta name=\"twitter:label1\" content=\"Gesch\u00e4tzte Lesezeit\" \/>\n\t<meta name=\"twitter:data1\" content=\"6\u00a0Minuten\" \/>\n<script type=\"application\/ld+json\" class=\"yoast-schema-graph\">{\"@context\":\"https:\/\/schema.org\",\"@graph\":[{\"@type\":\"WebSite\",\"@id\":\"https:\/\/www.ataraina.eu\/#website\",\"url\":\"https:\/\/www.ataraina.eu\/\",\"name\":\"ataraina\",\"description\":\"Technology fot a better life\",\"potentialAction\":[{\"@type\":\"SearchAction\",\"target\":{\"@type\":\"EntryPoint\",\"urlTemplate\":\"https:\/\/www.ataraina.eu\/?s={search_term_string}\"},\"query-input\":\"required name=search_term_string\"}],\"inLanguage\":\"de\"},{\"@type\":\"WebPage\",\"@id\":\"https:\/\/www.ataraina.eu\/de\/aboutus\/\",\"url\":\"https:\/\/www.ataraina.eu\/de\/aboutus\/\",\"name\":\"About us - ataraina\",\"isPartOf\":{\"@id\":\"https:\/\/www.ataraina.eu\/#website\"},\"datePublished\":\"2020-09-02T16:23:35+00:00\",\"dateModified\":\"2021-05-06T09:34:37+00:00\",\"description\":\"In October 2016, the ataraina brand was created. The meaning of the word ataraina in Japanese is \u201cit would be good if it existed\u201d.We embraced the idea of wanting people to feel close to the know-how of Creative Technology Co. in the semiconductor field.With a dream of making a more comfortable world, we carried out research day and night, collectingthe optimal results to create and sell the article with the best end results.Our goal is that in the future everybody has an ataraina product in their home.\",\"breadcrumb\":{\"@id\":\"https:\/\/www.ataraina.eu\/de\/aboutus\/#breadcrumb\"},\"inLanguage\":\"de\",\"potentialAction\":[{\"@type\":\"ReadAction\",\"target\":[\"https:\/\/www.ataraina.eu\/de\/aboutus\/\"]}]},{\"@type\":\"BreadcrumbList\",\"@id\":\"https:\/\/www.ataraina.eu\/de\/aboutus\/#breadcrumb\",\"itemListElement\":[{\"@type\":\"ListItem\",\"position\":1,\"name\":\"Home\",\"item\":\"https:\/\/www.ataraina.eu\/de\/\"},{\"@type\":\"ListItem\",\"position\":2,\"name\":\"About us\"}]}]}<\/script>\n<!-- \/ Yoast SEO plugin. -->","yoast_head_json":{"title":"About us - ataraina","description":"In October 2016, the ataraina brand was created. The meaning of the word ataraina in Japanese is \u201cit would be good if it existed\u201d.We embraced the idea of wanting people to feel close to the know-how of Creative Technology Co. in the semiconductor field.With a dream of making a more comfortable world, we carried out research day and night, collectingthe optimal results to create and sell the article with the best end results.Our goal is that in the future everybody has an ataraina product in their home.","robots":{"index":"index","follow":"follow","max-snippet":"max-snippet:-1","max-image-preview":"max-image-preview:large","max-video-preview":"max-video-preview:-1"},"canonical":"https:\/\/www.ataraina.eu\/de\/aboutus\/","og_locale":"de_DE","og_type":"article","og_title":"About us - ataraina","og_description":"In October 2016, the ataraina brand was created. The meaning of the word ataraina in Japanese is \u201cit would be good if it existed\u201d.We embraced the idea of wanting people to feel close to the know-how of Creative Technology Co. in the semiconductor field.With a dream of making a more comfortable world, we carried out research day and night, collectingthe optimal results to create and sell the article with the best end results.Our goal is that in the future everybody has an ataraina product in their home.","og_url":"https:\/\/www.ataraina.eu\/de\/aboutus\/","og_site_name":"ataraina","article_modified_time":"2021-05-06T09:34:37+00:00","twitter_card":"summary_large_image","twitter_misc":{"Gesch\u00e4tzte Lesezeit":"6\u00a0Minuten"},"schema":{"@context":"https:\/\/schema.org","@graph":[{"@type":"WebSite","@id":"https:\/\/www.ataraina.eu\/#website","url":"https:\/\/www.ataraina.eu\/","name":"ataraina","description":"Technology fot a better life","potentialAction":[{"@type":"SearchAction","target":{"@type":"EntryPoint","urlTemplate":"https:\/\/www.ataraina.eu\/?s={search_term_string}"},"query-input":"required name=search_term_string"}],"inLanguage":"de"},{"@type":"WebPage","@id":"https:\/\/www.ataraina.eu\/de\/aboutus\/","url":"https:\/\/www.ataraina.eu\/de\/aboutus\/","name":"About us - ataraina","isPartOf":{"@id":"https:\/\/www.ataraina.eu\/#website"},"datePublished":"2020-09-02T16:23:35+00:00","dateModified":"2021-05-06T09:34:37+00:00","description":"In October 2016, the ataraina brand was created. The meaning of the word ataraina in Japanese is \u201cit would be good if it existed\u201d.We embraced the idea of wanting people to feel close to the know-how of Creative Technology Co. in the semiconductor field.With a dream of making a more comfortable world, we carried out research day and night, collectingthe optimal results to create and sell the article with the best end results.Our goal is that in the future everybody has an ataraina product in their home.","breadcrumb":{"@id":"https:\/\/www.ataraina.eu\/de\/aboutus\/#breadcrumb"},"inLanguage":"de","potentialAction":[{"@type":"ReadAction","target":["https:\/\/www.ataraina.eu\/de\/aboutus\/"]}]},{"@type":"BreadcrumbList","@id":"https:\/\/www.ataraina.eu\/de\/aboutus\/#breadcrumb","itemListElement":[{"@type":"ListItem","position":1,"name":"Home","item":"https:\/\/www.ataraina.eu\/de\/"},{"@type":"ListItem","position":2,"name":"About us"}]}]}},"_links":{"self":[{"href":"https:\/\/www.ataraina.eu\/de\/wp-json\/wp\/v2\/pages\/13232"}],"collection":[{"href":"https:\/\/www.ataraina.eu\/de\/wp-json\/wp\/v2\/pages"}],"about":[{"href":"https:\/\/www.ataraina.eu\/de\/wp-json\/wp\/v2\/types\/page"}],"author":[{"embeddable":true,"href":"https:\/\/www.ataraina.eu\/de\/wp-json\/wp\/v2\/users\/1"}],"replies":[{"embeddable":true,"href":"https:\/\/www.ataraina.eu\/de\/wp-json\/wp\/v2\/comments?post=13232"}],"version-history":[{"count":5,"href":"https:\/\/www.ataraina.eu\/de\/wp-json\/wp\/v2\/pages\/13232\/revisions"}],"predecessor-version":[{"id":13403,"href":"https:\/\/www.ataraina.eu\/de\/wp-json\/wp\/v2\/pages\/13232\/revisions\/13403"}],"wp:attachment":[{"href":"https:\/\/www.ataraina.eu\/de\/wp-json\/wp\/v2\/media?parent=13232"}],"curies":[{"name":"wp","href":"https:\/\/api.w.org\/{rel}","templated":true}]}}